{"id":1451,"date":"2024-08-27T18:32:19","date_gmt":"2024-08-27T15:32:19","guid":{"rendered":"https:\/\/sahil.rizeyediiklim.com\/?page_id=1451"},"modified":"2024-08-27T18:32:19","modified_gmt":"2024-08-27T15:32:19","slug":"vizyon-ve-misyonumuz","status":"publish","type":"page","link":"https:\/\/rizeyediiklim.com.tr\/?page_id=1451","title":{"rendered":"V\u0130ZYON ve M\u0130SYONUMUZ"},"content":{"rendered":"\t\t<div data-elementor-type=\"wp-page\" data-elementor-id=\"1451\" class=\"elementor elementor-1451\">\n\t\t\t\t\t\t\t\t\t<section class=\"elementor-section elementor-top-section elementor-element elementor-element-f5e7057 elementor-section-boxed elementor-section-height-default elementor-section-height-default\" data-id=\"f5e7057\" data-element_type=\"section\">\n\t\t\t\t\t\t<div class=\"elementor-container elementor-column-gap-default\">\n\t\t\t\t\t<div class=\"elementor-column elementor-col-50 elementor-top-column elementor-element elementor-element-472e689\" data-id=\"472e689\" data-element_type=\"column\">\n\t\t\t<div class=\"elementor-widget-wrap elementor-element-populated\">\n\t\t\t\t\t\t\t\t<div class=\"elementor-element elementor-element-498ffff elementor-widget elementor-widget-heading\" data-id=\"498ffff\" data-element_type=\"widget\" data-widget_type=\"heading.default\">\n\t\t\t\t<div class=\"elementor-widget-container\">\n\t\t\t<style>\/*! elementor - v3.11.2 - 22-02-2023 *\/\n.elementor-heading-title{padding:0;margin:0;line-height:1}.elementor-widget-heading .elementor-heading-title[class*=elementor-size-]>a{color:inherit;font-size:inherit;line-height:inherit}.elementor-widget-heading .elementor-heading-title.elementor-size-small{font-size:15px}.elementor-widget-heading .elementor-heading-title.elementor-size-medium{font-size:19px}.elementor-widget-heading .elementor-heading-title.elementor-size-large{font-size:29px}.elementor-widget-heading .elementor-heading-title.elementor-size-xl{font-size:39px}.elementor-widget-heading .elementor-heading-title.elementor-size-xxl{font-size:59px}<\/style><h2 class=\"elementor-heading-title elementor-size-default\">V\u0130ZYONUMUZ<\/h2>\t\t<\/div>\n\t\t\t\t<\/div>\n\t\t\t\t<div class=\"elementor-element elementor-element-86e62b1 elementor-widget elementor-widget-text-editor\" data-id=\"86e62b1\" data-element_type=\"widget\" data-widget_type=\"text-editor.default\">\n\t\t\t\t<div class=\"elementor-widget-container\">\n\t\t\t<style>\/*! elementor - v3.11.2 - 22-02-2023 *\/\n.elementor-widget-text-editor.elementor-drop-cap-view-stacked .elementor-drop-cap{background-color:#818a91;color:#fff}.elementor-widget-text-editor.elementor-drop-cap-view-framed .elementor-drop-cap{color:#818a91;border:3px solid;background-color:transparent}.elementor-widget-text-editor:not(.elementor-drop-cap-view-default) .elementor-drop-cap{margin-top:8px}.elementor-widget-text-editor:not(.elementor-drop-cap-view-default) .elementor-drop-cap-letter{width:1em;height:1em}.elementor-widget-text-editor .elementor-drop-cap{float:left;text-align:center;line-height:1;font-size:50px}.elementor-widget-text-editor .elementor-drop-cap-letter{display:inline-block}<\/style>\t\t\t\t<h3><a class=\"cursor-pointer\" title=\"www.google.com\/search?q=Yediiklim\">Rize Yediiklim Kurs Merkezi olarak Vizyonumuz,<\/a>\u00a0<a class=\"cursor-pointer\" title=\"www.google.com\/search?q=T%C3%BCrkiye\">T\u00fcrkiye<\/a>&#8216;nin gelece\u011fine y\u00f6n verecek, \u00f6zg\u00fcvenli, ele\u015ftirel d\u00fc\u015f\u00fcnen, yenilik\u00e7i ve toplumsal sorumluluk bilinciyle hareket eden bireyler yeti\u015ftirmeyi hedefleyen, \u00fclkenin \u00f6nde gelen e\u011fitim kurumlar\u0131ndan biri olmakt\u0131r.<\/h3>\t\t\t\t\t\t<\/div>\n\t\t\t\t<\/div>\n\t\t\t\t\t<\/div>\n\t\t<\/div>\n\t\t\t\t<div class=\"elementor-column elementor-col-50 elementor-top-column elementor-element elementor-element-81b65a9\" data-id=\"81b65a9\" data-element_type=\"column\">\n\t\t\t<div class=\"elementor-widget-wrap elementor-element-populated\">\n\t\t\t\t\t\t\t\t<div class=\"elementor-element elementor-element-6b12ead elementor-widget elementor-widget-heading\" data-id=\"6b12ead\" data-element_type=\"widget\" data-widget_type=\"heading.default\">\n\t\t\t\t<div class=\"elementor-widget-container\">\n\t\t\t<h2 class=\"elementor-heading-title elementor-size-default\">M\u0130SYONUMUZ<\/h2>\t\t<\/div>\n\t\t\t\t<\/div>\n\t\t\t\t<div class=\"elementor-element elementor-element-ebe72a0 elementor-widget elementor-widget-text-editor\" data-id=\"ebe72a0\" data-element_type=\"widget\" data-widget_type=\"text-editor.default\">\n\t\t\t\t<div class=\"elementor-widget-container\">\n\t\t\t\t\t\t\t<h3><a class=\"cursor-pointer\" title=\"www.google.com\/search?q=Yediiklim\">Rize Yediiklim Kurs Merkezi<\/a>,\u00a0\u00f6\u011frencilerimizin potansiyellerini tam olarak ortaya \u00e7\u0131karmalar\u0131na, hayallerine ula\u015fmalar\u0131na ve gelece\u011fin ba\u015far\u0131l\u0131 bireyleri olmalar\u0131na yard\u0131mc\u0131 olmak i\u00e7in, kaliteli e\u011fitim, bireysel destek ve ki\u015fisel geli\u015fim odakl\u0131 bir yakla\u015f\u0131m sunmay\u0131 misyon edinmi\u015ftir.<\/h3>\t\t\t\t\t\t<\/div>\n\t\t\t\t<\/div>\n\t\t\t\t\t<\/div>\n\t\t<\/div>\n\t\t\t\t\t\t\t<\/div>\n\t\t<\/section>\n\t\t\t\t<section class=\"elementor-section elementor-top-section elementor-element elementor-element-4d8734c elementor-section-boxed elementor-section-height-default elementor-section-height-default\" data-id=\"4d8734c\" data-element_type=\"section\">\n\t\t\t\t\t\t<div class=\"elementor-container elementor-column-gap-default\">\n\t\t\t\t\t<div class=\"elementor-column elementor-col-100 elementor-top-column elementor-element elementor-element-fd6f76e\" data-id=\"fd6f76e\" data-element_type=\"column\">\n\t\t\t<div class=\"elementor-widget-wrap elementor-element-populated\">\n\t\t\t\t\t\t\t\t<div class=\"elementor-element elementor-element-ded062d elementor-widget-divider--view-line elementor-widget elementor-widget-divider\" data-id=\"ded062d\" data-element_type=\"widget\" data-widget_type=\"divider.default\">\n\t\t\t\t<div class=\"elementor-widget-container\">\n\t\t\t<style>\/*! elementor - v3.11.2 - 22-02-2023 *\/\n.elementor-widget-divider{--divider-border-style:none;--divider-border-width:1px;--divider-color:#2c2c2c;--divider-icon-size:20px;--divider-element-spacing:10px;--divider-pattern-height:24px;--divider-pattern-size:20px;--divider-pattern-url:none;--divider-pattern-repeat:repeat-x}.elementor-widget-divider .elementor-divider{display:flex}.elementor-widget-divider .elementor-divider__text{font-size:15px;line-height:1;max-width:95%}.elementor-widget-divider .elementor-divider__element{margin:0 var(--divider-element-spacing);flex-shrink:0}.elementor-widget-divider .elementor-icon{font-size:var(--divider-icon-size)}.elementor-widget-divider .elementor-divider-separator{display:flex;margin:0;direction:ltr}.elementor-widget-divider--view-line_icon .elementor-divider-separator,.elementor-widget-divider--view-line_text .elementor-divider-separator{align-items:center}.elementor-widget-divider--view-line_icon .elementor-divider-separator:after,.elementor-widget-divider--view-line_icon .elementor-divider-separator:before,.elementor-widget-divider--view-line_text .elementor-divider-separator:after,.elementor-widget-divider--view-line_text .elementor-divider-separator:before{display:block;content:\"\";border-bottom:0;flex-grow:1;border-top:var(--divider-border-width) var(--divider-border-style) var(--divider-color)}.elementor-widget-divider--element-align-left .elementor-divider .elementor-divider-separator>.elementor-divider__svg:first-of-type{flex-grow:0;flex-shrink:100}.elementor-widget-divider--element-align-left .elementor-divider-separator:before{content:none}.elementor-widget-divider--element-align-left .elementor-divider__element{margin-left:0}.elementor-widget-divider--element-align-right .elementor-divider .elementor-divider-separator>.elementor-divider__svg:last-of-type{flex-grow:0;flex-shrink:100}.elementor-widget-divider--element-align-right .elementor-divider-separator:after{content:none}.elementor-widget-divider--element-align-right .elementor-divider__element{margin-right:0}.elementor-widget-divider:not(.elementor-widget-divider--view-line_text):not(.elementor-widget-divider--view-line_icon) .elementor-divider-separator{border-top:var(--divider-border-width) var(--divider-border-style) var(--divider-color)}.elementor-widget-divider--separator-type-pattern{--divider-border-style:none}.elementor-widget-divider--separator-type-pattern.elementor-widget-divider--view-line .elementor-divider-separator,.elementor-widget-divider--separator-type-pattern:not(.elementor-widget-divider--view-line) .elementor-divider-separator:after,.elementor-widget-divider--separator-type-pattern:not(.elementor-widget-divider--view-line) .elementor-divider-separator:before,.elementor-widget-divider--separator-type-pattern:not([class*=elementor-widget-divider--view]) .elementor-divider-separator{width:100%;min-height:var(--divider-pattern-height);-webkit-mask-size:var(--divider-pattern-size) 100%;mask-size:var(--divider-pattern-size) 100%;-webkit-mask-repeat:var(--divider-pattern-repeat);mask-repeat:var(--divider-pattern-repeat);background-color:var(--divider-color);-webkit-mask-image:var(--divider-pattern-url);mask-image:var(--divider-pattern-url)}.elementor-widget-divider--no-spacing{--divider-pattern-size:auto}.elementor-widget-divider--bg-round{--divider-pattern-repeat:round}.rtl .elementor-widget-divider .elementor-divider__text{direction:rtl}.e-con-inner>.elementor-widget-divider,.e-con>.elementor-widget-divider{width:var(--container-widget-width,100%);--flex-grow:var(--container-widget-flex-grow)}<\/style>\t\t<div class=\"elementor-divider\">\n\t\t\t<span class=\"elementor-divider-separator\">\n\t\t\t\t\t\t<\/span>\n\t\t<\/div>\n\t\t\t\t<\/div>\n\t\t\t\t<\/div>\n\t\t\t\t<div class=\"elementor-element elementor-element-3578f42 elementor-widget elementor-widget-heading\" data-id=\"3578f42\" data-element_type=\"widget\" data-widget_type=\"heading.default\">\n\t\t\t\t<div class=\"elementor-widget-container\">\n\t\t\t<h2 class=\"elementor-heading-title elementor-size-default\">Hedeflerimizi Ger\u00e7ekle\u015ftirmek \u0130\u00e7in Neler Yap\u0131yoruz?<\/h2>\t\t<\/div>\n\t\t\t\t<\/div>\n\t\t\t\t\t<\/div>\n\t\t<\/div>\n\t\t\t\t\t\t\t<\/div>\n\t\t<\/section>\n\t\t\t\t<section class=\"elementor-section elementor-top-section elementor-element elementor-element-1a34cb5 elementor-section-boxed elementor-section-height-default elementor-section-height-default\" data-id=\"1a34cb5\" data-element_type=\"section\">\n\t\t\t\t\t\t<div class=\"elementor-container elementor-column-gap-default\">\n\t\t\t\t\t<div class=\"elementor-column elementor-col-33 elementor-top-column elementor-element elementor-element-2db6bb6\" data-id=\"2db6bb6\" data-element_type=\"column\">\n\t\t\t<div class=\"elementor-widget-wrap elementor-element-populated\">\n\t\t\t\t\t\t\t\t<div class=\"elementor-element elementor-element-60cddaa elementor-widget elementor-widget-image\" data-id=\"60cddaa\" data-element_type=\"widget\" data-widget_type=\"image.default\">\n\t\t\t\t<div class=\"elementor-widget-container\">\n\t\t\t<style>\/*! elementor - v3.11.2 - 22-02-2023 *\/\n.elementor-widget-image{text-align:center}.elementor-widget-image a{display:inline-block}.elementor-widget-image a img[src$=\".svg\"]{width:48px}.elementor-widget-image img{vertical-align:middle;display:inline-block}<\/style>\t\t\t\t\t\t\t\t\t\t\t\t<img loading=\"lazy\" decoding=\"async\" width=\"900\" height=\"900\" src=\"https:\/\/rizeyediiklim.com.tr\/wp-content\/uploads\/2024\/08\/2024-08-29-00-26-56-36-1-1024x1024.jpg\" class=\"attachment-large size-large wp-image-1762\" alt=\"\" srcset=\"https:\/\/rizeyediiklim.com.tr\/wp-content\/uploads\/2024\/08\/2024-08-29-00-26-56-36-1-1024x1024.jpg 1024w, https:\/\/rizeyediiklim.com.tr\/wp-content\/uploads\/2024\/08\/2024-08-29-00-26-56-36-1-300x300.jpg 300w, https:\/\/rizeyediiklim.com.tr\/wp-content\/uploads\/2024\/08\/2024-08-29-00-26-56-36-1-150x150.jpg 150w, https:\/\/rizeyediiklim.com.tr\/wp-content\/uploads\/2024\/08\/2024-08-29-00-26-56-36-1-768x768.jpg 768w, https:\/\/rizeyediiklim.com.tr\/wp-content\/uploads\/2024\/08\/2024-08-29-00-26-56-36-1-1536x1536.jpg 1536w, https:\/\/rizeyediiklim.com.tr\/wp-content\/uploads\/2024\/08\/2024-08-29-00-26-56-36-1.jpg 1600w\" sizes=\"auto, (max-width: 900px) 100vw, 900px\" \/>\t\t\t\t\t\t\t\t\t\t\t\t\t\t\t<\/div>\n\t\t\t\t<\/div>\n\t\t\t\t\t<\/div>\n\t\t<\/div>\n\t\t\t\t<div class=\"elementor-column elementor-col-66 elementor-top-column elementor-element elementor-element-8340179\" data-id=\"8340179\" data-element_type=\"column\">\n\t\t\t<div class=\"elementor-widget-wrap elementor-element-populated\">\n\t\t\t\t\t\t\t\t<div class=\"elementor-element elementor-element-bf976ab elementor-widget__width-initial elementor-widget elementor-widget-text-editor\" data-id=\"bf976ab\" data-element_type=\"widget\" data-widget_type=\"text-editor.default\">\n\t\t\t\t<div class=\"elementor-widget-container\">\n\t\t\t\t\t\t\t<p><strong>Rize Yediiklim&#8217;in Vizyonunu Ger\u00e7ekle\u015ftirmek \u0130\u00e7in;<\/strong><\/p><p><strong>Akademik M\u00fckemmellik:<\/strong> \u00d6\u011frencilerimizin akademik ba\u015far\u0131lar\u0131n\u0131 en \u00fcst d\u00fczeye \u00e7\u0131karmak i\u00e7in, alan\u0131nda uzman \u00f6\u011fretmen kadrosuyla, bireysel \u00f6\u011frenci ihtiya\u00e7lar\u0131na g\u00f6re \u00f6zelle\u015ftirilmi\u015f e\u011fitim programlar\u0131 sunuyoruz.<br \/><strong>Ki\u015fisel Geli\u015fim:<\/strong> \u00d6\u011frencilerimizin sadece akademik ba\u015far\u0131lar\u0131na de\u011fil, ayn\u0131 zamanda ki\u015fisel geli\u015fimlerine de \u00f6nem veriyoruz. Onlar\u0131 hayata haz\u0131rlamak, \u00f6zg\u00fcvenlerini ve liderlik becerilerini geli\u015ftirmek i\u00e7in, ki\u015fisel geli\u015fim programlar\u0131 ve etkinlikler d\u00fczenliyoruz.<br \/><strong>Teknoloji Odakl\u0131 E\u011fitim:<\/strong> Teknolojinin g\u00fcc\u00fcnden yararlanarak, \u00f6\u011frencilerimize interaktif ve etkili bir \u00f6\u011frenme deneyimi sunuyoruz. Modern e\u011fitim ara\u00e7lar\u0131 ve dijital platformlar, \u00f6\u011frencilerimizin dersleri daha kolay anlamalar\u0131na ve konular\u0131 daha kal\u0131c\u0131 \u00f6\u011frenmelerine yard\u0131mc\u0131 oluyor.<br \/><strong>Sosyal Sorumluluk:<\/strong> Toplumsal sorumluluk bilincini geli\u015ftirmek i\u00e7in, \u00f6\u011frencilerimizi sosyal sorumluluk projelerine aktif olarak kat\u0131lmaya te\u015fvik ediyoruz.<br \/><strong>Yenilik\u00e7ilik ve \u0130novasyon:<\/strong> E\u011fitimde s\u00fcrekli yenilik\u00e7i ve yarat\u0131c\u0131 yakla\u015f\u0131mlar\u0131 benimseyerek, \u00f6\u011frencilerimizi gelece\u011fin ihtiya\u00e7lar\u0131na haz\u0131rlamak i\u00e7in \u00e7al\u0131\u015f\u0131yoruz.<\/p>\t\t\t\t\t\t<\/div>\n\t\t\t\t<\/div>\n\t\t\t\t\t<\/div>\n\t\t<\/div>\n\t\t\t\t\t\t\t<\/div>\n\t\t<\/section>\n\t\t\t\t<section class=\"elementor-section elementor-top-section elementor-element elementor-element-6a2c50a elementor-section-boxed elementor-section-height-default elementor-section-height-default\" data-id=\"6a2c50a\" data-element_type=\"section\">\n\t\t\t\t\t\t<div class=\"elementor-container elementor-column-gap-default\">\n\t\t\t\t\t<div class=\"elementor-column elementor-col-100 elementor-top-column elementor-element elementor-element-3a9b0bd\" data-id=\"3a9b0bd\" data-element_type=\"column\">\n\t\t\t<div class=\"elementor-widget-wrap elementor-element-populated\">\n\t\t\t\t\t\t\t\t<div class=\"elementor-element elementor-element-b062590 elementor-widget-divider--view-line elementor-widget elementor-widget-divider\" data-id=\"b062590\" data-element_type=\"widget\" data-widget_type=\"divider.default\">\n\t\t\t\t<div class=\"elementor-widget-container\">\n\t\t\t\t\t<div class=\"elementor-divider\">\n\t\t\t<span class=\"elementor-divider-separator\">\n\t\t\t\t\t\t<\/span>\n\t\t<\/div>\n\t\t\t\t<\/div>\n\t\t\t\t<\/div>\n\t\t\t\t\t<\/div>\n\t\t<\/div>\n\t\t\t\t\t\t\t<\/div>\n\t\t<\/section>\n\t\t\t\t<section class=\"elementor-section elementor-top-section elementor-element elementor-element-b273138 elementor-section-boxed elementor-section-height-default elementor-section-height-default\" data-id=\"b273138\" data-element_type=\"section\">\n\t\t\t\t\t\t<div class=\"elementor-container elementor-column-gap-default\">\n\t\t\t\t\t<div class=\"elementor-column elementor-col-66 elementor-top-column elementor-element elementor-element-6dd2343\" data-id=\"6dd2343\" data-element_type=\"column\">\n\t\t\t<div class=\"elementor-widget-wrap elementor-element-populated\">\n\t\t\t\t\t\t\t\t<div class=\"elementor-element elementor-element-a6ed7ef elementor-widget elementor-widget-text-editor\" data-id=\"a6ed7ef\" data-element_type=\"widget\" data-widget_type=\"text-editor.default\">\n\t\t\t\t<div class=\"elementor-widget-container\">\n\t\t\t\t\t\t\t<p><strong>Rize Yediiklim&#8217;in Misyonunu Ger\u00e7ekle\u015ftirmek \u0130\u00e7in;<\/strong><\/p><p><strong>\u00d6\u011frenci Odakl\u0131 E\u011fitim:<\/strong> Her \u00f6\u011frencinin farkl\u0131 oldu\u011funu kabul ederek, bireysel ihtiya\u00e7lar\u0131na g\u00f6re e\u011fitim programlar\u0131 olu\u015fturuyoruz.<br \/><strong>Profesyonel Rehberlik:<\/strong> \u00d6\u011frencilerimize sadece akademik konularda de\u011fil, ayn\u0131 zamanda kariyer planlama ve ki\u015fisel geli\u015fim konular\u0131nda da profesyonel rehberlik hizmeti sunuyoruz.<br \/><strong>G\u00fcvenli ve Destekleyici Ortam:<\/strong> \u00d6\u011frencilerimize g\u00fcvenli, destekleyici ve motivasyon dolu bir \u00f6\u011frenme ortam\u0131 sa\u011fl\u0131yoruz.<br \/><strong>Ebeveyn Kat\u0131l\u0131m\u0131:<\/strong> Ebeveynlerimizle yak\u0131n ileti\u015fim halinde olarak, \u00f6\u011frencilerimizin e\u011fitim s\u00fcre\u00e7lerine aktif olarak kat\u0131l\u0131mlar\u0131n\u0131 sa\u011fl\u0131yoruz.<br \/><strong>Toplulukla \u0130li\u015fkiler:<\/strong> Rize&#8217;deki di\u011fer e\u011fitim kurumlar\u0131 ve sivil toplum \u00f6rg\u00fctleriyle i\u015fbirli\u011fi yaparak, \u00f6\u011frencilerimize daha geni\u015f bir e\u011fitim ve geli\u015fim f\u0131rsat\u0131 sunuyoruz.<br \/><strong>Rize Yediiklim, vizyon ve misyonunu ger\u00e7ekle\u015ftirmek i\u00e7in, s\u00fcrekli olarak kendini yenileyen, geli\u015fen ve \u00f6\u011frenen bir kurum olmay\u0131 hedefliyor. \u00d6\u011frencilerimizin gelece\u011fe haz\u0131rlanmalar\u0131nda onlara rehberlik etmek ve onlar\u0131 ba\u015far\u0131l\u0131 bireyler olarak yeti\u015ftirmek i\u00e7in, t\u00fcm g\u00fcc\u00fcm\u00fczle \u00e7al\u0131\u015f\u0131yoruz.<\/strong><\/p>\t\t\t\t\t\t<\/div>\n\t\t\t\t<\/div>\n\t\t\t\t\t<\/div>\n\t\t<\/div>\n\t\t\t\t<div class=\"elementor-column elementor-col-33 elementor-top-column elementor-element elementor-element-7bedc96\" data-id=\"7bedc96\" data-element_type=\"column\">\n\t\t\t<div class=\"elementor-widget-wrap elementor-element-populated\">\n\t\t\t\t\t\t\t\t<div class=\"elementor-element elementor-element-9b0ea86 elementor-widget elementor-widget-image\" data-id=\"9b0ea86\" data-element_type=\"widget\" data-widget_type=\"image.default\">\n\t\t\t\t<div class=\"elementor-widget-container\">\n\t\t\t\t\t\t\t\t\t\t\t\t\t\t\t<img loading=\"lazy\" decoding=\"async\" width=\"900\" height=\"900\" src=\"https:\/\/rizeyediiklim.com.tr\/wp-content\/uploads\/revslider\/slider-1\/2024-08-29-00-26-55-20-1.jpg\" class=\"attachment-large size-large wp-image-1747\" alt=\"\" srcset=\"https:\/\/rizeyediiklim.com.tr\/wp-content\/uploads\/revslider\/slider-1\/2024-08-29-00-26-55-20-1.jpg 1600w, https:\/\/rizeyediiklim.com.tr\/wp-content\/uploads\/revslider\/slider-1\/2024-08-29-00-26-55-20-1-150x150.jpg 150w\" sizes=\"auto, (max-width: 900px) 100vw, 900px\" \/>\t\t\t\t\t\t\t\t\t\t\t\t\t\t\t<\/div>\n\t\t\t\t<\/div>\n\t\t\t\t\t<\/div>\n\t\t<\/div>\n\t\t\t\t\t\t\t<\/div>\n\t\t<\/section>\n\t\t\t\t<section class=\"elementor-section elementor-top-section elementor-element elementor-element-f26e68f elementor-section-boxed elementor-section-height-default elementor-section-height-default\" data-id=\"f26e68f\" data-element_type=\"section\">\n\t\t\t\t\t\t<div class=\"elementor-container elementor-column-gap-default\">\n\t\t\t\t\t<div class=\"elementor-column elementor-col-33 elementor-top-column elementor-element elementor-element-d9867bd\" data-id=\"d9867bd\" data-element_type=\"column\">\n\t\t\t<div class=\"elementor-widget-wrap elementor-element-populated\">\n\t\t\t\t\t\t\t\t<div class=\"elementor-element elementor-element-1b7ca3a elementor-widget elementor-widget-image\" data-id=\"1b7ca3a\" data-element_type=\"widget\" data-widget_type=\"image.default\">\n\t\t\t\t<div class=\"elementor-widget-container\">\n\t\t\t\t\t\t\t\t\t\t\t\t\t\t\t<img loading=\"lazy\" decoding=\"async\" width=\"900\" height=\"898\" src=\"https:\/\/rizeyediiklim.com.tr\/wp-content\/uploads\/2024\/08\/2024-08-29-00-26-56-37-1-1024x1022.jpg\" class=\"attachment-large size-large wp-image-1763\" alt=\"\" srcset=\"https:\/\/rizeyediiklim.com.tr\/wp-content\/uploads\/2024\/08\/2024-08-29-00-26-56-37-1-1024x1022.jpg 1024w, https:\/\/rizeyediiklim.com.tr\/wp-content\/uploads\/2024\/08\/2024-08-29-00-26-56-37-1-300x300.jpg 300w, https:\/\/rizeyediiklim.com.tr\/wp-content\/uploads\/2024\/08\/2024-08-29-00-26-56-37-1-150x150.jpg 150w, https:\/\/rizeyediiklim.com.tr\/wp-content\/uploads\/2024\/08\/2024-08-29-00-26-56-37-1-768x767.jpg 768w, https:\/\/rizeyediiklim.com.tr\/wp-content\/uploads\/2024\/08\/2024-08-29-00-26-56-37-1-1536x1533.jpg 1536w, https:\/\/rizeyediiklim.com.tr\/wp-content\/uploads\/2024\/08\/2024-08-29-00-26-56-37-1.jpg 1600w\" sizes=\"auto, (max-width: 900px) 100vw, 900px\" \/>\t\t\t\t\t\t\t\t\t\t\t\t\t\t\t<\/div>\n\t\t\t\t<\/div>\n\t\t\t\t\t<\/div>\n\t\t<\/div>\n\t\t\t\t<div class=\"elementor-column elementor-col-33 elementor-top-column elementor-element elementor-element-216cc8a\" data-id=\"216cc8a\" data-element_type=\"column\">\n\t\t\t<div class=\"elementor-widget-wrap elementor-element-populated\">\n\t\t\t\t\t\t\t\t<div class=\"elementor-element elementor-element-0c3884d elementor-widget elementor-widget-image\" data-id=\"0c3884d\" data-element_type=\"widget\" data-widget_type=\"image.default\">\n\t\t\t\t<div class=\"elementor-widget-container\">\n\t\t\t\t\t\t\t\t\t\t\t\t\t\t\t<img loading=\"lazy\" decoding=\"async\" width=\"900\" height=\"900\" src=\"https:\/\/rizeyediiklim.com.tr\/wp-content\/uploads\/2024\/08\/2024-08-29-00-26-55-20-1-1-1024x1024.jpg\" class=\"attachment-large size-large wp-image-1741\" alt=\"\" srcset=\"https:\/\/rizeyediiklim.com.tr\/wp-content\/uploads\/2024\/08\/2024-08-29-00-26-55-20-1-1-1024x1024.jpg 1024w, https:\/\/rizeyediiklim.com.tr\/wp-content\/uploads\/2024\/08\/2024-08-29-00-26-55-20-1-1-300x300.jpg 300w, https:\/\/rizeyediiklim.com.tr\/wp-content\/uploads\/2024\/08\/2024-08-29-00-26-55-20-1-1-150x150.jpg 150w, https:\/\/rizeyediiklim.com.tr\/wp-content\/uploads\/2024\/08\/2024-08-29-00-26-55-20-1-1-768x768.jpg 768w, https:\/\/rizeyediiklim.com.tr\/wp-content\/uploads\/2024\/08\/2024-08-29-00-26-55-20-1-1-1536x1536.jpg 1536w, https:\/\/rizeyediiklim.com.tr\/wp-content\/uploads\/2024\/08\/2024-08-29-00-26-55-20-1-1.jpg 1600w\" sizes=\"auto, (max-width: 900px) 100vw, 900px\" \/>\t\t\t\t\t\t\t\t\t\t\t\t\t\t\t<\/div>\n\t\t\t\t<\/div>\n\t\t\t\t\t<\/div>\n\t\t<\/div>\n\t\t\t\t<div class=\"elementor-column elementor-col-33 elementor-top-column elementor-element elementor-element-92d2982\" data-id=\"92d2982\" data-element_type=\"column\">\n\t\t\t<div class=\"elementor-widget-wrap elementor-element-populated\">\n\t\t\t\t\t\t\t\t<div class=\"elementor-element elementor-element-3a4432c elementor-widget elementor-widget-image\" data-id=\"3a4432c\" data-element_type=\"widget\" data-widget_type=\"image.default\">\n\t\t\t\t<div class=\"elementor-widget-container\">\n\t\t\t\t\t\t\t\t\t\t\t\t\t\t\t<img loading=\"lazy\" decoding=\"async\" width=\"900\" height=\"900\" src=\"https:\/\/rizeyediiklim.com.tr\/wp-content\/uploads\/2024\/08\/2024-08-29-00-26-55-18-1-1-1024x1024.jpg\" class=\"attachment-large size-large wp-image-1740\" alt=\"\" srcset=\"https:\/\/rizeyediiklim.com.tr\/wp-content\/uploads\/2024\/08\/2024-08-29-00-26-55-18-1-1-1024x1024.jpg 1024w, https:\/\/rizeyediiklim.com.tr\/wp-content\/uploads\/2024\/08\/2024-08-29-00-26-55-18-1-1-300x300.jpg 300w, https:\/\/rizeyediiklim.com.tr\/wp-content\/uploads\/2024\/08\/2024-08-29-00-26-55-18-1-1-150x150.jpg 150w, https:\/\/rizeyediiklim.com.tr\/wp-content\/uploads\/2024\/08\/2024-08-29-00-26-55-18-1-1-768x768.jpg 768w, https:\/\/rizeyediiklim.com.tr\/wp-content\/uploads\/2024\/08\/2024-08-29-00-26-55-18-1-1.jpg 1080w\" sizes=\"auto, (max-width: 900px) 100vw, 900px\" \/>\t\t\t\t\t\t\t\t\t\t\t\t\t\t\t<\/div>\n\t\t\t\t<\/div>\n\t\t\t\t\t<\/div>\n\t\t<\/div>\n\t\t\t\t\t\t\t<\/div>\n\t\t<\/section>\n\t\t\t\t\t\t\t<\/div>\n\t\t","protected":false},"excerpt":{"rendered":"<p>V\u0130ZYONUMUZ Rize Yediiklim Kurs Merkezi olarak Vizyonumuz,\u00a0T\u00fcrkiye&#8216;nin gelece\u011fine y\u00f6n verecek, \u00f6zg\u00fcvenli, ele\u015ftirel d\u00fc\u015f\u00fcnen, yenilik\u00e7i ve toplumsal sorumluluk bilinciyle hareket eden bireyler yeti\u015ftirmeyi hedefleyen, \u00fclkenin \u00f6nde gelen e\u011fitim kurumlar\u0131ndan biri olmakt\u0131r. M\u0130SYONUMUZ Rize Yediiklim Kurs Merkezi,\u00a0\u00f6\u011frencilerimizin potansiyellerini tam olarak ortaya \u00e7\u0131karmalar\u0131na, hayallerine ula\u015fmalar\u0131na ve gelece\u011fin ba\u015far\u0131l\u0131 bireyleri olmalar\u0131na yard\u0131mc\u0131 olmak i\u00e7in, kaliteli e\u011fitim, bireysel destek ve [&hellip;]<\/p>\n","protected":false},"author":1,"featured_media":0,"parent":0,"menu_order":0,"comment_status":"closed","ping_status":"closed","template":"","meta":{"_acf_changed":false,"inline_featured_image":false,"footnotes":""},"class_list":["post-1451","page","type-page","status-publish","hentry"],"acf":[],"aioseo_notices":[],"_links":{"self":[{"href":"https:\/\/rizeyediiklim.com.tr\/index.php?rest_route=\/wp\/v2\/pages\/1451","targetHints":{"allow":["GET"]}}],"collection":[{"href":"https:\/\/rizeyediiklim.com.tr\/index.php?rest_route=\/wp\/v2\/pages"}],"about":[{"href":"https:\/\/rizeyediiklim.com.tr\/index.php?rest_route=\/wp\/v2\/types\/page"}],"author":[{"embeddable":true,"href":"https:\/\/rizeyediiklim.com.tr\/index.php?rest_route=\/wp\/v2\/users\/1"}],"replies":[{"embeddable":true,"href":"https:\/\/rizeyediiklim.com.tr\/index.php?rest_route=%2Fwp%2Fv2%2Fcomments&post=1451"}],"version-history":[{"count":0,"href":"https:\/\/rizeyediiklim.com.tr\/index.php?rest_route=\/wp\/v2\/pages\/1451\/revisions"}],"wp:attachment":[{"href":"https:\/\/rizeyediiklim.com.tr\/index.php?rest_route=%2Fwp%2Fv2%2Fmedia&parent=1451"}],"curies":[{"name":"wp","href":"https:\/\/api.w.org\/{rel}","templated":true}]}}