{"id":1471,"date":"2024-08-27T18:40:05","date_gmt":"2024-08-27T15:40:05","guid":{"rendered":"https:\/\/sahil.rizeyediiklim.com\/?page_id=1471"},"modified":"2024-08-27T18:40:05","modified_gmt":"2024-08-27T15:40:05","slug":"online-on-kayit-formu","status":"publish","type":"page","link":"https:\/\/rizeyediiklim.com.tr\/?page_id=1471","title":{"rendered":"ONLINE \u00d6N KAYIT FORMU"},"content":{"rendered":"\t\t<div data-elementor-type=\"wp-page\" data-elementor-id=\"1471\" class=\"elementor elementor-1471\">\n\t\t\t\t\t\t\t\t\t<section class=\"elementor-section elementor-top-section elementor-element elementor-element-39b4a9f elementor-section-boxed elementor-section-height-default elementor-section-height-default\" data-id=\"39b4a9f\" data-element_type=\"section\">\n\t\t\t\t\t\t<div class=\"elementor-container elementor-column-gap-default\">\n\t\t\t\t\t<div class=\"elementor-column elementor-col-66 elementor-top-column elementor-element elementor-element-72a645a\" data-id=\"72a645a\" data-element_type=\"column\">\n\t\t\t<div class=\"elementor-widget-wrap elementor-element-populated\">\n\t\t\t\t\t\t\t\t<div class=\"elementor-element elementor-element-d4a404f elementor-widget elementor-widget-wpforms\" data-id=\"d4a404f\" data-element_type=\"widget\" data-widget_type=\"wpforms.default\">\n\t\t\t\t<div class=\"elementor-widget-container\">\n\t\t\t<style id=\"wpforms-css-vars-root\">\n\t\t\t\t:root {\n\t\t\t\t\t--wpforms-field-border-radius: 3px;\n--wpforms-field-background-color: #ffffff;\n--wpforms-field-border-color: rgba( 0, 0, 0, 0.25 );\n--wpforms-field-text-color: rgba( 0, 0, 0, 0.7 );\n--wpforms-label-color: rgba( 0, 0, 0, 0.85 );\n--wpforms-label-sublabel-color: rgba( 0, 0, 0, 0.55 );\n--wpforms-label-error-color: #d63637;\n--wpforms-button-border-radius: 3px;\n--wpforms-button-background-color: #066aab;\n--wpforms-button-text-color: #ffffff;\n--wpforms-field-size-input-height: 43px;\n--wpforms-field-size-input-spacing: 15px;\n--wpforms-field-size-font-size: 16px;\n--wpforms-field-size-line-height: 19px;\n--wpforms-field-size-padding-h: 14px;\n--wpforms-field-size-checkbox-size: 16px;\n--wpforms-field-size-sublabel-spacing: 5px;\n--wpforms-field-size-icon-size: 1;\n--wpforms-label-size-font-size: 16px;\n--wpforms-label-size-line-height: 19px;\n--wpforms-label-size-sublabel-font-size: 14px;\n--wpforms-label-size-sublabel-line-height: 17px;\n--wpforms-button-size-font-size: 17px;\n--wpforms-button-size-height: 41px;\n--wpforms-button-size-padding-h: 15px;\n--wpforms-button-size-margin-top: 10px;\n\n\t\t\t\t}\n\t\t\t<\/style><style id=\"wpforms-css-vars-elementor-widget-d4a404f\">\n\t\t\t\t.elementor-widget-wpforms.elementor-element-d4a404f {\n\t\t\t\t\t--wpforms-field-size-input-height: 43px;\n--wpforms-field-size-input-spacing: 15px;\n--wpforms-field-size-font-size: 16px;\n--wpforms-field-size-line-height: 19px;\n--wpforms-field-size-padding-h: 14px;\n--wpforms-field-size-checkbox-size: 16px;\n--wpforms-field-size-sublabel-spacing: 5px;\n--wpforms-field-size-icon-size: 1;\n--wpforms-label-size-font-size: 16px;\n--wpforms-label-size-line-height: 19px;\n--wpforms-label-size-sublabel-font-size: 14px;\n--wpforms-label-size-sublabel-line-height: 17px;\n--wpforms-button-size-font-size: 17px;\n--wpforms-button-size-height: 41px;\n--wpforms-button-size-padding-h: 15px;\n--wpforms-button-size-margin-top: 10px;\n\n\t\t\t\t}\n\t\t\t<\/style>\t\t<\/div>\n\t\t\t\t<\/div>\n\t\t\t\t<div class=\"elementor-element elementor-element-e2447e1 elementor-widget elementor-widget-text-editor\" data-id=\"e2447e1\" data-element_type=\"widget\" data-widget_type=\"text-editor.default\">\n\t\t\t\t<div class=\"elementor-widget-container\">\n\t\t\t<style>\/*! elementor - v3.11.2 - 22-02-2023 *\/\n.elementor-widget-text-editor.elementor-drop-cap-view-stacked .elementor-drop-cap{background-color:#818a91;color:#fff}.elementor-widget-text-editor.elementor-drop-cap-view-framed .elementor-drop-cap{color:#818a91;border:3px solid;background-color:transparent}.elementor-widget-text-editor:not(.elementor-drop-cap-view-default) .elementor-drop-cap{margin-top:8px}.elementor-widget-text-editor:not(.elementor-drop-cap-view-default) .elementor-drop-cap-letter{width:1em;height:1em}.elementor-widget-text-editor .elementor-drop-cap{float:left;text-align:center;line-height:1;font-size:50px}.elementor-widget-text-editor .elementor-drop-cap-letter{display:inline-block}<\/style>\t\t\t\tOnline \u00d6n Ba\u015fvuru Formu, sadece bilgilerinizi bize g\u00f6ndermenizi sa\u011flayan ileti\u015fim formudur.\nBu formu kullanman\u0131z kay\u0131t i\u015fleminizin ba\u015far\u0131l\u0131 oldu\u011funu ifade etmez.\n<p>\n<font color=\"#ef1c22\"><strong>Kesin kay\u0131t i\u015flemi i\u00e7in kurumumuz, s\u00f6zl\u00fc veya yaz\u0131l\u0131 bilgi vermektedir.<\/strong><\/font><\/p>\t\t\t\t\t\t<\/div>\n\t\t\t\t<\/div>\n\t\t\t\t\t<\/div>\n\t\t<\/div>\n\t\t\t\t<div class=\"elementor-column elementor-col-33 elementor-top-column elementor-element elementor-element-97af5a3\" data-id=\"97af5a3\" data-element_type=\"column\">\n\t\t\t<div class=\"elementor-widget-wrap elementor-element-populated\">\n\t\t\t\t\t\t\t\t<div class=\"elementor-element elementor-element-1a48b8d elementor-widget elementor-widget-image\" data-id=\"1a48b8d\" data-element_type=\"widget\" data-widget_type=\"image.default\">\n\t\t\t\t<div class=\"elementor-widget-container\">\n\t\t\t<style>\/*! elementor - v3.11.2 - 22-02-2023 *\/\n.elementor-widget-image{text-align:center}.elementor-widget-image a{display:inline-block}.elementor-widget-image a img[src$=\".svg\"]{width:48px}.elementor-widget-image img{vertical-align:middle;display:inline-block}<\/style>\t\t\t\t\t\t\t\t\t\t\t\t<img loading=\"lazy\" decoding=\"async\" width=\"900\" height=\"900\" src=\"https:\/\/rizeyediiklim.com.tr\/wp-content\/uploads\/2024\/08\/Yediiklim-2024-1080_1080x1080-1-1024x1024.jpg\" class=\"attachment-large size-large wp-image-1474\" alt=\"\" srcset=\"https:\/\/rizeyediiklim.com.tr\/wp-content\/uploads\/2024\/08\/Yediiklim-2024-1080_1080x1080-1-1024x1024.jpg 1024w, https:\/\/rizeyediiklim.com.tr\/wp-content\/uploads\/2024\/08\/Yediiklim-2024-1080_1080x1080-1-300x300.jpg 300w, https:\/\/rizeyediiklim.com.tr\/wp-content\/uploads\/2024\/08\/Yediiklim-2024-1080_1080x1080-1-150x150.jpg 150w, https:\/\/rizeyediiklim.com.tr\/wp-content\/uploads\/2024\/08\/Yediiklim-2024-1080_1080x1080-1-768x768.jpg 768w, https:\/\/rizeyediiklim.com.tr\/wp-content\/uploads\/2024\/08\/Yediiklim-2024-1080_1080x1080-1.jpg 1080w\" sizes=\"auto, (max-width: 900px) 100vw, 900px\" \/>\t\t\t\t\t\t\t\t\t\t\t\t\t\t\t<\/div>\n\t\t\t\t<\/div>\n\t\t\t\t<div class=\"elementor-element elementor-element-26cd2b5 elementor-widget elementor-widget-image\" data-id=\"26cd2b5\" data-element_type=\"widget\" data-widget_type=\"image.default\">\n\t\t\t\t<div class=\"elementor-widget-container\">\n\t\t\t\t\t\t\t\t\t\t\t\t\t\t\t<img loading=\"lazy\" decoding=\"async\" width=\"528\" height=\"1024\" src=\"https:\/\/rizeyediiklim.com.tr\/wp-content\/uploads\/2024\/08\/yediiklim-rize-20-1-528x1024.jpg\" class=\"attachment-large size-large wp-image-1397\" alt=\"\" srcset=\"https:\/\/rizeyediiklim.com.tr\/wp-content\/uploads\/2024\/08\/yediiklim-rize-20-1-528x1024.jpg 528w, https:\/\/rizeyediiklim.com.tr\/wp-content\/uploads\/2024\/08\/yediiklim-rize-20-1-155x300.jpg 155w, https:\/\/rizeyediiklim.com.tr\/wp-content\/uploads\/2024\/08\/yediiklim-rize-20-1-768x1489.jpg 768w, https:\/\/rizeyediiklim.com.tr\/wp-content\/uploads\/2024\/08\/yediiklim-rize-20-1-792x1536.jpg 792w, https:\/\/rizeyediiklim.com.tr\/wp-content\/uploads\/2024\/08\/yediiklim-rize-20-1.jpg 825w\" sizes=\"auto, (max-width: 528px) 100vw, 528px\" \/>\t\t\t\t\t\t\t\t\t\t\t\t\t\t\t<\/div>\n\t\t\t\t<\/div>\n\t\t\t\t\t<\/div>\n\t\t<\/div>\n\t\t\t\t\t\t\t<\/div>\n\t\t<\/section>\n\t\t\t\t\t\t\t<\/div>\n\t\t","protected":false},"excerpt":{"rendered":"<p>Bu formu bitirebilmek i\u00e7in taray\u0131c\u0131n\u0131zda JavaScript&#039;i etkinle\u015ftirin.Bu formu bitirebilmek i\u00e7in taray\u0131c\u0131n\u0131zda JavaScript&#039;i etkinle\u015ftirin. Ad\u0131 Soyad\u0131 * AdSoyad Telefon Numaran\u0131z *E-POSTA ADRES\u0130N\u0130Z *S\u0131n\u0131f Se\u00e7imi Yap\u0131n *S\u0131n\u0131f se\u00e7imi yap\u0131n&#8230;9. SINIF10. SINIF11. SINIF12.. SINIFMEZUN Veli Ad\u0131 Soyad\u0131 * AdSoyad Veli Telefon * Ayr\u0131ca bir mesaj\u0131n\u0131z varsa buraya yazabilirsiniz&#8230; Ortam ekle G\u00f6rsel Metin B\u0130LG\u0130LER\u0130N\u0130Z\u0130 KONTROL ED\u0130P ONAYLAYIN * OKUDUM, [&hellip;]<\/p>\n","protected":false},"author":1,"featured_media":0,"parent":0,"menu_order":0,"comment_status":"closed","ping_status":"closed","template":"","meta":{"_acf_changed":false,"inline_featured_image":false,"footnotes":""},"class_list":["post-1471","page","type-page","status-publish","hentry"],"acf":[],"aioseo_notices":[],"_links":{"self":[{"href":"https:\/\/rizeyediiklim.com.tr\/index.php?rest_route=\/wp\/v2\/pages\/1471","targetHints":{"allow":["GET"]}}],"collection":[{"href":"https:\/\/rizeyediiklim.com.tr\/index.php?rest_route=\/wp\/v2\/pages"}],"about":[{"href":"https:\/\/rizeyediiklim.com.tr\/index.php?rest_route=\/wp\/v2\/types\/page"}],"author":[{"embeddable":true,"href":"https:\/\/rizeyediiklim.com.tr\/index.php?rest_route=\/wp\/v2\/users\/1"}],"replies":[{"embeddable":true,"href":"https:\/\/rizeyediiklim.com.tr\/index.php?rest_route=%2Fwp%2Fv2%2Fcomments&post=1471"}],"version-history":[{"count":0,"href":"https:\/\/rizeyediiklim.com.tr\/index.php?rest_route=\/wp\/v2\/pages\/1471\/revisions"}],"wp:attachment":[{"href":"https:\/\/rizeyediiklim.com.tr\/index.php?rest_route=%2Fwp%2Fv2%2Fmedia&parent=1471"}],"curies":[{"name":"wp","href":"https:\/\/api.w.org\/{rel}","templated":true}]}}