{"id":1572,"date":"2024-08-27T19:52:32","date_gmt":"2024-08-27T16:52:32","guid":{"rendered":"https:\/\/sahil.rizeyediiklim.com\/?page_id=1572"},"modified":"2024-08-27T19:52:32","modified_gmt":"2024-08-27T16:52:32","slug":"kpss-kurslari","status":"publish","type":"page","link":"https:\/\/rizeyediiklim.com.tr\/?page_id=1572","title":{"rendered":"KPSS KURSLARI"},"content":{"rendered":"\t\t<div data-elementor-type=\"wp-page\" data-elementor-id=\"1572\" class=\"elementor elementor-1572\">\n\t\t\t\t\t\t\t\t\t<section class=\"elementor-section elementor-top-section elementor-element elementor-element-6b8d355 elementor-section-boxed elementor-section-height-default elementor-section-height-default\" data-id=\"6b8d355\" data-element_type=\"section\">\n\t\t\t\t\t\t<div class=\"elementor-container elementor-column-gap-default\">\n\t\t\t\t\t<div class=\"elementor-column elementor-col-66 elementor-top-column elementor-element elementor-element-dd5b1af\" data-id=\"dd5b1af\" data-element_type=\"column\">\n\t\t\t<div class=\"elementor-widget-wrap elementor-element-populated\">\n\t\t\t\t\t\t\t\t<div class=\"elementor-element elementor-element-75cc038 elementor-widget elementor-widget-heading\" data-id=\"75cc038\" data-element_type=\"widget\" data-widget_type=\"heading.default\">\n\t\t\t\t<div class=\"elementor-widget-container\">\n\t\t\t<style>\/*! elementor - v3.11.2 - 22-02-2023 *\/\n.elementor-heading-title{padding:0;margin:0;line-height:1}.elementor-widget-heading .elementor-heading-title[class*=elementor-size-]>a{color:inherit;font-size:inherit;line-height:inherit}.elementor-widget-heading .elementor-heading-title.elementor-size-small{font-size:15px}.elementor-widget-heading .elementor-heading-title.elementor-size-medium{font-size:19px}.elementor-widget-heading .elementor-heading-title.elementor-size-large{font-size:29px}.elementor-widget-heading .elementor-heading-title.elementor-size-xl{font-size:39px}.elementor-widget-heading .elementor-heading-title.elementor-size-xxl{font-size:59px}<\/style><h2 class=\"elementor-heading-title elementor-size-default\">Neler Sunuyoruz?<\/h2>\t\t<\/div>\n\t\t\t\t<\/div>\n\t\t\t\t<div class=\"elementor-element elementor-element-d89d36e elementor-widget elementor-widget-text-editor\" data-id=\"d89d36e\" data-element_type=\"widget\" data-widget_type=\"text-editor.default\">\n\t\t\t\t<div class=\"elementor-widget-container\">\n\t\t\t<style>\/*! elementor - v3.11.2 - 22-02-2023 *\/\n.elementor-widget-text-editor.elementor-drop-cap-view-stacked .elementor-drop-cap{background-color:#818a91;color:#fff}.elementor-widget-text-editor.elementor-drop-cap-view-framed .elementor-drop-cap{color:#818a91;border:3px solid;background-color:transparent}.elementor-widget-text-editor:not(.elementor-drop-cap-view-default) .elementor-drop-cap{margin-top:8px}.elementor-widget-text-editor:not(.elementor-drop-cap-view-default) .elementor-drop-cap-letter{width:1em;height:1em}.elementor-widget-text-editor .elementor-drop-cap{float:left;text-align:center;line-height:1;font-size:50px}.elementor-widget-text-editor .elementor-drop-cap-letter{display:inline-block}<\/style>\t\t\t\t<p><img loading=\"lazy\" decoding=\"async\" class=\"alignnone size-medium wp-image-1762\" src=\"https:\/\/sahil.rizeyediiklim.com\/wp-content\/uploads\/2024\/08\/2024-08-29-00-26-56-36-300x300.jpg\" alt=\"\" width=\"300\" height=\"300\" \/> <img loading=\"lazy\" decoding=\"async\" class=\"alignnone size-medium wp-image-1747\" src=\"https:\/\/sahil.rizeyediiklim.com\/wp-content\/uploads\/2024\/08\/2024-08-29-00-26-56-15-1-300x300.jpg\" alt=\"\" width=\"300\" height=\"300\" \/>\u00a0<\/p>\t\t\t\t\t\t<\/div>\n\t\t\t\t<\/div>\n\t\t\t\t<div class=\"elementor-element elementor-element-84faad3 elementor-widget elementor-widget-text-editor\" data-id=\"84faad3\" data-element_type=\"widget\" data-widget_type=\"text-editor.default\">\n\t\t\t\t<div class=\"elementor-widget-container\">\n\t\t\t\t\t\t\t<h3>KPSS Hedeflerinize Ula\u015fman\u0131z \u0130\u00e7in Do\u011fru Adres<\/h3><p><strong>Rize Yediiklim Ki\u015fisel Geli\u015fim Kursu<\/strong>, <strong>KPSS&#8217;ye<\/strong> haz\u0131rlanmak isteyen \u00f6\u011frenciler i\u00e7in kapsaml\u0131 ve etkili e\u011fitim programlar\u0131 sunan, Rize&#8217;nin \u00f6nde gelen e\u011fitim kurumlar\u0131ndan biridir. Kurumumuz, <strong>KPSS<\/strong>, <strong>KPSS A<\/strong> \u2013 <strong>\u0130\u0130BF A GRUBU<\/strong>, <strong>KPSS B<\/strong> \u2013 <strong>E\u011e\u0130T\u0130M B\u0130L\u0130MLER\u0130<\/strong> ve <strong>KPSS B<\/strong> \u2013 <strong>GY-GK (L\u0130SANS)<\/strong> gibi farkl\u0131 alanlarda uzmanla\u015fm\u0131\u015f kadrosuyla, \u00f6\u011frencilerin s\u0131nav ba\u015far\u0131s\u0131n\u0131 en \u00fcst d\u00fczeye \u00e7\u0131karmay\u0131 hedefliyor.<\/p>\t\t\t\t\t\t<\/div>\n\t\t\t\t<\/div>\n\t\t\t\t<div class=\"elementor-element elementor-element-98f0f31 elementor-widget elementor-widget-text-editor\" data-id=\"98f0f31\" data-element_type=\"widget\" data-widget_type=\"text-editor.default\">\n\t\t\t\t<div class=\"elementor-widget-container\">\n\t\t\t\t\t\t\t<p><strong>KPSS<\/strong> haz\u0131rl\u0131k program\u0131m\u0131z, s\u0131nav\u0131n t\u00fcm alanlar\u0131n\u0131 kapsayan, g\u00fcncel m\u00fcfredata uygun ve etkili bir e\u011fitim program\u0131 sunmaktad\u0131r. Deneyimli e\u011fitmen kadromuz, \u00f6\u011frencilere konu anlat\u0131m\u0131, soru \u00e7\u00f6z\u00fcm\u00fc, s\u0131nav stratejileri ve zaman y\u00f6netimi gibi konularda kapsaml\u0131 bir e\u011fitim sa\u011flar.<\/p><p><strong>KPSS A \u2013 \u0130\u0130BF A GRUBU<\/strong> haz\u0131rl\u0131k program\u0131m\u0131z, \u0130\u0130BF alan\u0131nda kamu sekt\u00f6r\u00fcnde kariyer hedefleyen \u00f6\u011frenciler i\u00e7in \u00f6zel olarak tasarlanm\u0131\u015ft\u0131r. Bu programda, \u0130ktisat, \u0130\u015fletme, Maliye, \u0130statistik gibi alanlarda uzmanla\u015fm\u0131\u015f e\u011fitmenler taraf\u0131ndan dersler verilmektedir.<\/p><p><strong>KPSS B \u2013 E\u011e\u0130T\u0130M B\u0130L\u0130MLER\u0130<\/strong> haz\u0131rl\u0131k program\u0131m\u0131z, \u00f6\u011fretmenlik mesle\u011fini hedefleyen \u00f6\u011frenciler i\u00e7in \u00f6zel olarak haz\u0131rlanm\u0131\u015ft\u0131r. E\u011fitim Bilimleri alan\u0131nda uzmanla\u015fm\u0131\u015f e\u011fitmenlerimiz, \u00f6\u011frencilere alan bilgisi, pedagojik formasyon ve e\u011fitim sistemine dair kapsaml\u0131 bir e\u011fitim sunmaktad\u0131r.<\/p><p><strong>KPSS B \u2013 GY-GK (L\u0130SANS)<\/strong> haz\u0131rl\u0131k program\u0131m\u0131z, lisans mezunlar\u0131n\u0131n kamu sekt\u00f6r\u00fcnde \u00e7al\u0131\u015fabilmeleri i\u00e7in gerekli olan Genel K\u00fclt\u00fcr ve Genel Yetenek konular\u0131n\u0131 kapsamaktad\u0131r. Program\u0131m\u0131zda, tarih, co\u011frafya, felsefe, edebiyat, matematik, mant\u0131k gibi alanlarda uzmanla\u015fm\u0131\u015f e\u011fitmenler taraf\u0131ndan dersler verilmektedir.<\/p><p><strong>Rize Yediiklim Ki\u015fisel Geli\u015fim Kursu<\/strong> olarak, \u00f6\u011frencilerimizin bireysel ihtiya\u00e7lar\u0131n\u0131 g\u00f6z \u00f6n\u00fcnde bulundurarak, ki\u015fiye \u00f6zel e\u011fitim programlar\u0131 haz\u0131rlamaktay\u0131z. S\u0131nav ba\u015far\u0131s\u0131 i\u00e7in gerekli olan bilgi, beceri ve motivasyonu sa\u011flamak amac\u0131yla, \u00f6\u011frencilerimize d\u00fczenli deneme s\u0131navlar\u0131, birebir dan\u0131\u015fmanl\u0131k ve \u00e7al\u0131\u015fma takvimi gibi destekler sunuyoruz.<\/p><p><strong>KPSS<\/strong> hedeflerinize ula\u015fmak i\u00e7in do\u011fru adrestesiniz! Rize Yediiklim Ki\u015fisel Geli\u015fim Kursu&#8217;nda, size en uygun e\u011fitim program\u0131 ve uzman kadromuzla, ba\u015far\u0131ya giden yolda size rehberlik edece\u011fiz.<\/p>\t\t\t\t\t\t<\/div>\n\t\t\t\t<\/div>\n\t\t\t\t<div class=\"elementor-element elementor-element-7300fdb elementor-widget elementor-widget-heading\" data-id=\"7300fdb\" data-element_type=\"widget\" data-widget_type=\"heading.default\">\n\t\t\t\t<div class=\"elementor-widget-container\">\n\t\t\t<h2 class=\"elementor-heading-title elementor-size-default\">Bilgilerini B\u0131rak Seni Arayal\u0131m!<\/h2>\t\t<\/div>\n\t\t\t\t<\/div>\n\t\t\t\t<div class=\"elementor-element elementor-element-91c97f2 elementor-widget elementor-widget-wpforms\" data-id=\"91c97f2\" data-element_type=\"widget\" data-widget_type=\"wpforms.default\">\n\t\t\t\t<div class=\"elementor-widget-container\">\n\t\t\t<style id=\"wpforms-css-vars-root\">\n\t\t\t\t:root {\n\t\t\t\t\t--wpforms-field-border-radius: 3px;\n--wpforms-field-background-color: #ffffff;\n--wpforms-field-border-color: rgba( 0, 0, 0, 0.25 );\n--wpforms-field-text-color: rgba( 0, 0, 0, 0.7 );\n--wpforms-label-color: rgba( 0, 0, 0, 0.85 );\n--wpforms-label-sublabel-color: rgba( 0, 0, 0, 0.55 );\n--wpforms-label-error-color: #d63637;\n--wpforms-button-border-radius: 3px;\n--wpforms-button-background-color: #066aab;\n--wpforms-button-text-color: #ffffff;\n--wpforms-field-size-input-height: 43px;\n--wpforms-field-size-input-spacing: 15px;\n--wpforms-field-size-font-size: 16px;\n--wpforms-field-size-line-height: 19px;\n--wpforms-field-size-padding-h: 14px;\n--wpforms-field-size-checkbox-size: 16px;\n--wpforms-field-size-sublabel-spacing: 5px;\n--wpforms-field-size-icon-size: 1;\n--wpforms-label-size-font-size: 16px;\n--wpforms-label-size-line-height: 19px;\n--wpforms-label-size-sublabel-font-size: 14px;\n--wpforms-label-size-sublabel-line-height: 17px;\n--wpforms-button-size-font-size: 17px;\n--wpforms-button-size-height: 41px;\n--wpforms-button-size-padding-h: 15px;\n--wpforms-button-size-margin-top: 10px;\n\n\t\t\t\t}\n\t\t\t<\/style><style id=\"wpforms-css-vars-elementor-widget-91c97f2\">\n\t\t\t\t.elementor-widget-wpforms.elementor-element-91c97f2 {\n\t\t\t\t\t--wpforms-field-size-input-height: 43px;\n--wpforms-field-size-input-spacing: 15px;\n--wpforms-field-size-font-size: 16px;\n--wpforms-field-size-line-height: 19px;\n--wpforms-field-size-padding-h: 14px;\n--wpforms-field-size-checkbox-size: 16px;\n--wpforms-field-size-sublabel-spacing: 5px;\n--wpforms-field-size-icon-size: 1;\n--wpforms-label-size-font-size: 16px;\n--wpforms-label-size-line-height: 19px;\n--wpforms-label-size-sublabel-font-size: 14px;\n--wpforms-label-size-sublabel-line-height: 17px;\n--wpforms-button-size-font-size: 17px;\n--wpforms-button-size-height: 41px;\n--wpforms-button-size-padding-h: 15px;\n--wpforms-button-size-margin-top: 10px;\n\n\t\t\t\t}\n\t\t\t<\/style>\t\t<\/div>\n\t\t\t\t<\/div>\n\t\t\t\t\t<\/div>\n\t\t<\/div>\n\t\t\t\t<div class=\"elementor-column elementor-col-33 elementor-top-column elementor-element elementor-element-bfa934b\" data-id=\"bfa934b\" data-element_type=\"column\">\n\t\t\t<div class=\"elementor-widget-wrap elementor-element-populated\">\n\t\t\t\t\t\t\t\t<div class=\"elementor-element elementor-element-d97c29e elementor-widget elementor-widget-heading\" data-id=\"d97c29e\" data-element_type=\"widget\" data-widget_type=\"heading.default\">\n\t\t\t\t<div class=\"elementor-widget-container\">\n\t\t\t<h2 class=\"elementor-heading-title elementor-size-default\">KURSLARIMIZ<\/h2>\t\t<\/div>\n\t\t\t\t<\/div>\n\t\t\t\t<div class=\"elementor-element elementor-element-5e5ebaf elementor-widget elementor-widget-image\" data-id=\"5e5ebaf\" data-element_type=\"widget\" data-widget_type=\"image.default\">\n\t\t\t\t<div class=\"elementor-widget-container\">\n\t\t\t<style>\/*! elementor - v3.11.2 - 22-02-2023 *\/\n.elementor-widget-image{text-align:center}.elementor-widget-image a{display:inline-block}.elementor-widget-image a img[src$=\".svg\"]{width:48px}.elementor-widget-image img{vertical-align:middle;display:inline-block}<\/style>\t\t\t\t\t\t\t\t\t\t\t\t<img loading=\"lazy\" decoding=\"async\" width=\"900\" height=\"900\" src=\"https:\/\/rizeyediiklim.com.tr\/wp-content\/uploads\/2024\/08\/2024-08-29-00-26-56-36-1-1024x1024.jpg\" class=\"attachment-large size-large wp-image-1762\" alt=\"\" srcset=\"https:\/\/rizeyediiklim.com.tr\/wp-content\/uploads\/2024\/08\/2024-08-29-00-26-56-36-1-1024x1024.jpg 1024w, https:\/\/rizeyediiklim.com.tr\/wp-content\/uploads\/2024\/08\/2024-08-29-00-26-56-36-1-300x300.jpg 300w, https:\/\/rizeyediiklim.com.tr\/wp-content\/uploads\/2024\/08\/2024-08-29-00-26-56-36-1-150x150.jpg 150w, https:\/\/rizeyediiklim.com.tr\/wp-content\/uploads\/2024\/08\/2024-08-29-00-26-56-36-1-768x768.jpg 768w, https:\/\/rizeyediiklim.com.tr\/wp-content\/uploads\/2024\/08\/2024-08-29-00-26-56-36-1-1536x1536.jpg 1536w, https:\/\/rizeyediiklim.com.tr\/wp-content\/uploads\/2024\/08\/2024-08-29-00-26-56-36-1.jpg 1600w\" sizes=\"auto, (max-width: 900px) 100vw, 900px\" \/>\t\t\t\t\t\t\t\t\t\t\t\t\t\t\t<\/div>\n\t\t\t\t<\/div>\n\t\t\t\t<div class=\"elementor-element elementor-element-2f38bc0 elementor-widget elementor-widget-image\" data-id=\"2f38bc0\" data-element_type=\"widget\" data-widget_type=\"image.default\">\n\t\t\t\t<div class=\"elementor-widget-container\">\n\t\t\t\t\t\t\t\t\t\t\t\t\t\t\t<img loading=\"lazy\" decoding=\"async\" width=\"577\" height=\"1024\" src=\"https:\/\/rizeyediiklim.com.tr\/wp-content\/uploads\/2024\/08\/2024-08-29-00-26-55-26-1-577x1024.jpg\" class=\"attachment-large size-large wp-image-1761\" alt=\"\" srcset=\"https:\/\/rizeyediiklim.com.tr\/wp-content\/uploads\/2024\/08\/2024-08-29-00-26-55-26-1-577x1024.jpg 577w, https:\/\/rizeyediiklim.com.tr\/wp-content\/uploads\/2024\/08\/2024-08-29-00-26-55-26-1-169x300.jpg 169w, https:\/\/rizeyediiklim.com.tr\/wp-content\/uploads\/2024\/08\/2024-08-29-00-26-55-26-1-768x1363.jpg 768w, https:\/\/rizeyediiklim.com.tr\/wp-content\/uploads\/2024\/08\/2024-08-29-00-26-55-26-1-865x1536.jpg 865w, https:\/\/rizeyediiklim.com.tr\/wp-content\/uploads\/2024\/08\/2024-08-29-00-26-55-26-1.jpg 939w\" sizes=\"auto, (max-width: 577px) 100vw, 577px\" \/>\t\t\t\t\t\t\t\t\t\t\t\t\t\t\t<\/div>\n\t\t\t\t<\/div>\n\t\t\t\t<div class=\"elementor-element elementor-element-5571ff1 elementor-widget elementor-widget-image\" data-id=\"5571ff1\" data-element_type=\"widget\" data-widget_type=\"image.default\">\n\t\t\t\t<div class=\"elementor-widget-container\">\n\t\t\t\t\t\t\t\t\t\t\t\t\t\t\t<img loading=\"lazy\" decoding=\"async\" width=\"900\" height=\"900\" src=\"https:\/\/rizeyediiklim.com.tr\/wp-content\/uploads\/revslider\/slider-1\/2024-08-29-00-26-55-20-1.jpg\" class=\"attachment-large size-large wp-image-1747\" alt=\"\" srcset=\"https:\/\/rizeyediiklim.com.tr\/wp-content\/uploads\/revslider\/slider-1\/2024-08-29-00-26-55-20-1.jpg 1600w, https:\/\/rizeyediiklim.com.tr\/wp-content\/uploads\/revslider\/slider-1\/2024-08-29-00-26-55-20-1-150x150.jpg 150w\" sizes=\"auto, (max-width: 900px) 100vw, 900px\" \/>\t\t\t\t\t\t\t\t\t\t\t\t\t\t\t<\/div>\n\t\t\t\t<\/div>\n\t\t\t\t\t<\/div>\n\t\t<\/div>\n\t\t\t\t\t\t\t<\/div>\n\t\t<\/section>\n\t\t\t\t<section class=\"elementor-section elementor-top-section elementor-element elementor-element-3788193 elementor-section-boxed elementor-section-height-default elementor-section-height-default\" data-id=\"3788193\" data-element_type=\"section\">\n\t\t\t\t\t\t<div class=\"elementor-container elementor-column-gap-default\">\n\t\t\t\t\t<div class=\"elementor-column elementor-col-25 elementor-top-column elementor-element elementor-element-29dccd8\" data-id=\"29dccd8\" data-element_type=\"column\">\n\t\t\t<div class=\"elementor-widget-wrap elementor-element-populated\">\n\t\t\t\t\t\t\t\t<div class=\"elementor-element elementor-element-226fd49 elementor-widget elementor-widget-image\" data-id=\"226fd49\" data-element_type=\"widget\" data-widget_type=\"image.default\">\n\t\t\t\t<div class=\"elementor-widget-container\">\n\t\t\t\t\t\t\t\t\t\t\t\t\t\t\t<img loading=\"lazy\" decoding=\"async\" width=\"577\" height=\"1024\" src=\"https:\/\/rizeyediiklim.com.tr\/wp-content\/uploads\/2024\/08\/2024-08-29-00-26-55-26-1-577x1024.jpg\" class=\"attachment-large size-large wp-image-1761\" alt=\"\" srcset=\"https:\/\/rizeyediiklim.com.tr\/wp-content\/uploads\/2024\/08\/2024-08-29-00-26-55-26-1-577x1024.jpg 577w, https:\/\/rizeyediiklim.com.tr\/wp-content\/uploads\/2024\/08\/2024-08-29-00-26-55-26-1-169x300.jpg 169w, https:\/\/rizeyediiklim.com.tr\/wp-content\/uploads\/2024\/08\/2024-08-29-00-26-55-26-1-768x1363.jpg 768w, https:\/\/rizeyediiklim.com.tr\/wp-content\/uploads\/2024\/08\/2024-08-29-00-26-55-26-1-865x1536.jpg 865w, https:\/\/rizeyediiklim.com.tr\/wp-content\/uploads\/2024\/08\/2024-08-29-00-26-55-26-1.jpg 939w\" sizes=\"auto, (max-width: 577px) 100vw, 577px\" \/>\t\t\t\t\t\t\t\t\t\t\t\t\t\t\t<\/div>\n\t\t\t\t<\/div>\n\t\t\t\t\t<\/div>\n\t\t<\/div>\n\t\t\t\t<div class=\"elementor-column elementor-col-25 elementor-top-column elementor-element elementor-element-f1c6254\" data-id=\"f1c6254\" data-element_type=\"column\">\n\t\t\t<div class=\"elementor-widget-wrap elementor-element-populated\">\n\t\t\t\t\t\t\t\t<div class=\"elementor-element elementor-element-b0e9556 elementor-widget elementor-widget-image\" data-id=\"b0e9556\" data-element_type=\"widget\" data-widget_type=\"image.default\">\n\t\t\t\t<div class=\"elementor-widget-container\">\n\t\t\t\t\t\t\t\t\t\t\t\t\t\t\t<img loading=\"lazy\" decoding=\"async\" width=\"576\" height=\"1024\" src=\"https:\/\/rizeyediiklim.com.tr\/wp-content\/uploads\/2024\/08\/2024-08-29-00-26-55-15-1-576x1024.jpg\" class=\"attachment-large size-large wp-image-1692\" alt=\"\" srcset=\"https:\/\/rizeyediiklim.com.tr\/wp-content\/uploads\/2024\/08\/2024-08-29-00-26-55-15-1-576x1024.jpg 576w, https:\/\/rizeyediiklim.com.tr\/wp-content\/uploads\/2024\/08\/2024-08-29-00-26-55-15-1-169x300.jpg 169w, https:\/\/rizeyediiklim.com.tr\/wp-content\/uploads\/2024\/08\/2024-08-29-00-26-55-15-1-768x1365.jpg 768w, https:\/\/rizeyediiklim.com.tr\/wp-content\/uploads\/2024\/08\/2024-08-29-00-26-55-15-1-864x1536.jpg 864w, https:\/\/rizeyediiklim.com.tr\/wp-content\/uploads\/2024\/08\/2024-08-29-00-26-55-15-1.jpg 900w\" sizes=\"auto, (max-width: 576px) 100vw, 576px\" \/>\t\t\t\t\t\t\t\t\t\t\t\t\t\t\t<\/div>\n\t\t\t\t<\/div>\n\t\t\t\t\t<\/div>\n\t\t<\/div>\n\t\t\t\t<div class=\"elementor-column elementor-col-25 elementor-top-column elementor-element elementor-element-22b0926\" data-id=\"22b0926\" data-element_type=\"column\">\n\t\t\t<div class=\"elementor-widget-wrap elementor-element-populated\">\n\t\t\t\t\t\t\t\t<div class=\"elementor-element elementor-element-aa81db9 elementor-widget elementor-widget-image\" data-id=\"aa81db9\" data-element_type=\"widget\" data-widget_type=\"image.default\">\n\t\t\t\t<div class=\"elementor-widget-container\">\n\t\t\t\t\t\t\t\t\t\t\t\t\t\t\t<img loading=\"lazy\" decoding=\"async\" width=\"576\" height=\"1024\" src=\"https:\/\/rizeyediiklim.com.tr\/wp-content\/uploads\/2024\/08\/2024-08-29-00-26-55-9-1-576x1024.jpg\" class=\"attachment-large size-large wp-image-1805\" alt=\"\" srcset=\"https:\/\/rizeyediiklim.com.tr\/wp-content\/uploads\/2024\/08\/2024-08-29-00-26-55-9-1-576x1024.jpg 576w, https:\/\/rizeyediiklim.com.tr\/wp-content\/uploads\/2024\/08\/2024-08-29-00-26-55-9-1-169x300.jpg 169w, https:\/\/rizeyediiklim.com.tr\/wp-content\/uploads\/2024\/08\/2024-08-29-00-26-55-9-1-768x1365.jpg 768w, https:\/\/rizeyediiklim.com.tr\/wp-content\/uploads\/2024\/08\/2024-08-29-00-26-55-9-1-864x1536.jpg 864w, https:\/\/rizeyediiklim.com.tr\/wp-content\/uploads\/2024\/08\/2024-08-29-00-26-55-9-1.jpg 900w\" sizes=\"auto, (max-width: 576px) 100vw, 576px\" \/>\t\t\t\t\t\t\t\t\t\t\t\t\t\t\t<\/div>\n\t\t\t\t<\/div>\n\t\t\t\t\t<\/div>\n\t\t<\/div>\n\t\t\t\t<div class=\"elementor-column elementor-col-25 elementor-top-column elementor-element elementor-element-9aecf26\" data-id=\"9aecf26\" data-element_type=\"column\">\n\t\t\t<div class=\"elementor-widget-wrap elementor-element-populated\">\n\t\t\t\t\t\t\t\t<div class=\"elementor-element elementor-element-d310457 elementor-widget elementor-widget-image\" data-id=\"d310457\" data-element_type=\"widget\" data-widget_type=\"image.default\">\n\t\t\t\t<div class=\"elementor-widget-container\">\n\t\t\t\t\t\t\t\t\t\t\t\t\t\t\t<img decoding=\"async\" src=\"https:\/\/sahil.rizeyediiklim.com\/wp-content\/uploads\/2024\/08\/2024-08-29-00-26-55-8-1.jpg\" title=\"\" alt=\"\" loading=\"lazy\" \/>\t\t\t\t\t\t\t\t\t\t\t\t\t\t\t<\/div>\n\t\t\t\t<\/div>\n\t\t\t\t\t<\/div>\n\t\t<\/div>\n\t\t\t\t\t\t\t<\/div>\n\t\t<\/section>\n\t\t\t\t\t\t\t<\/div>\n\t\t","protected":false},"excerpt":{"rendered":"<p>Neler Sunuyoruz? \u00a0 KPSS Hedeflerinize Ula\u015fman\u0131z \u0130\u00e7in Do\u011fru Adres Rize Yediiklim Ki\u015fisel Geli\u015fim Kursu, KPSS&#8217;ye haz\u0131rlanmak isteyen \u00f6\u011frenciler i\u00e7in kapsaml\u0131 ve etkili e\u011fitim programlar\u0131 sunan, Rize&#8217;nin \u00f6nde gelen e\u011fitim kurumlar\u0131ndan biridir. Kurumumuz, KPSS, KPSS A \u2013 \u0130\u0130BF A GRUBU, KPSS B \u2013 E\u011e\u0130T\u0130M B\u0130L\u0130MLER\u0130 ve KPSS B \u2013 GY-GK (L\u0130SANS) gibi farkl\u0131 alanlarda uzmanla\u015fm\u0131\u015f kadrosuyla, [&hellip;]<\/p>\n","protected":false},"author":1,"featured_media":0,"parent":0,"menu_order":0,"comment_status":"closed","ping_status":"closed","template":"","meta":{"_acf_changed":false,"inline_featured_image":false,"footnotes":""},"class_list":["post-1572","page","type-page","status-publish","hentry"],"acf":[],"aioseo_notices":[],"_links":{"self":[{"href":"https:\/\/rizeyediiklim.com.tr\/index.php?rest_route=\/wp\/v2\/pages\/1572","targetHints":{"allow":["GET"]}}],"collection":[{"href":"https:\/\/rizeyediiklim.com.tr\/index.php?rest_route=\/wp\/v2\/pages"}],"about":[{"href":"https:\/\/rizeyediiklim.com.tr\/index.php?rest_route=\/wp\/v2\/types\/page"}],"author":[{"embeddable":true,"href":"https:\/\/rizeyediiklim.com.tr\/index.php?rest_route=\/wp\/v2\/users\/1"}],"replies":[{"embeddable":true,"href":"https:\/\/rizeyediiklim.com.tr\/index.php?rest_route=%2Fwp%2Fv2%2Fcomments&post=1572"}],"version-history":[{"count":0,"href":"https:\/\/rizeyediiklim.com.tr\/index.php?rest_route=\/wp\/v2\/pages\/1572\/revisions"}],"wp:attachment":[{"href":"https:\/\/rizeyediiklim.com.tr\/index.php?rest_route=%2Fwp%2Fv2%2Fmedia&parent=1572"}],"curies":[{"name":"wp","href":"https:\/\/api.w.org\/{rel}","templated":true}]}}