{"id":1587,"date":"2024-08-27T20:06:44","date_gmt":"2024-08-27T17:06:44","guid":{"rendered":"https:\/\/sahil.rizeyediiklim.com\/?page_id=1587"},"modified":"2024-08-27T20:06:44","modified_gmt":"2024-08-27T17:06:44","slug":"kpss-a-iibf-a-grubu","status":"publish","type":"page","link":"https:\/\/rizeyediiklim.com.tr\/?page_id=1587","title":{"rendered":"KPSS A \u2013 \u0130\u0130BF A GRUBU"},"content":{"rendered":"\t\t<div data-elementor-type=\"wp-page\" data-elementor-id=\"1587\" class=\"elementor elementor-1587\">\n\t\t\t\t\t\t\t\t\t<section class=\"elementor-section elementor-top-section elementor-element elementor-element-6b8d355 elementor-section-boxed elementor-section-height-default elementor-section-height-default\" data-id=\"6b8d355\" data-element_type=\"section\">\n\t\t\t\t\t\t<div class=\"elementor-container elementor-column-gap-default\">\n\t\t\t\t\t<div class=\"elementor-column elementor-col-66 elementor-top-column elementor-element elementor-element-dd5b1af\" data-id=\"dd5b1af\" data-element_type=\"column\">\n\t\t\t<div class=\"elementor-widget-wrap elementor-element-populated\">\n\t\t\t\t\t\t\t\t<div class=\"elementor-element elementor-element-75cc038 elementor-widget elementor-widget-heading\" data-id=\"75cc038\" data-element_type=\"widget\" data-widget_type=\"heading.default\">\n\t\t\t\t<div class=\"elementor-widget-container\">\n\t\t\t<style>\/*! elementor - v3.11.2 - 22-02-2023 *\/\n.elementor-heading-title{padding:0;margin:0;line-height:1}.elementor-widget-heading .elementor-heading-title[class*=elementor-size-]>a{color:inherit;font-size:inherit;line-height:inherit}.elementor-widget-heading .elementor-heading-title.elementor-size-small{font-size:15px}.elementor-widget-heading .elementor-heading-title.elementor-size-medium{font-size:19px}.elementor-widget-heading .elementor-heading-title.elementor-size-large{font-size:29px}.elementor-widget-heading .elementor-heading-title.elementor-size-xl{font-size:39px}.elementor-widget-heading .elementor-heading-title.elementor-size-xxl{font-size:59px}<\/style><h2 class=\"elementor-heading-title elementor-size-default\">Neler Sunuyoruz?<\/h2>\t\t<\/div>\n\t\t\t\t<\/div>\n\t\t\t\t<div class=\"elementor-element elementor-element-d89d36e elementor-widget elementor-widget-text-editor\" data-id=\"d89d36e\" data-element_type=\"widget\" data-widget_type=\"text-editor.default\">\n\t\t\t\t<div class=\"elementor-widget-container\">\n\t\t\t<style>\/*! elementor - v3.11.2 - 22-02-2023 *\/\n.elementor-widget-text-editor.elementor-drop-cap-view-stacked .elementor-drop-cap{background-color:#818a91;color:#fff}.elementor-widget-text-editor.elementor-drop-cap-view-framed .elementor-drop-cap{color:#818a91;border:3px solid;background-color:transparent}.elementor-widget-text-editor:not(.elementor-drop-cap-view-default) .elementor-drop-cap{margin-top:8px}.elementor-widget-text-editor:not(.elementor-drop-cap-view-default) .elementor-drop-cap-letter{width:1em;height:1em}.elementor-widget-text-editor .elementor-drop-cap{float:left;text-align:center;line-height:1;font-size:50px}.elementor-widget-text-editor .elementor-drop-cap-letter{display:inline-block}<\/style>\t\t\t\t<h2 class=\"my-[1em] leading-[1.4] text-[16px]\">Hayallerinizin Kap\u0131s\u0131n\u0131 Aralay\u0131n!<\/h2><p>Kamu sekt\u00f6r\u00fcnde kariyer hedefleyen, \u0130\u0130BF mezunu veya \u00f6\u011frencisiyseniz, <strong>KPSS A<\/strong> \u2013 <strong>\u0130\u0130BF A GRUBU<\/strong> s\u0131nav\u0131na haz\u0131rlanman\u0131z, hayallerinize ula\u015fman\u0131z i\u00e7in atman\u0131z gereken en \u00f6nemli ad\u0131mlardan biridir.<\/p><p><strong>Rize Yediiklim Ki\u015fisel Geli\u015fim Kursu<\/strong>, bu \u00f6nemli s\u0131navda ba\u015far\u0131ya ula\u015fman\u0131z i\u00e7in size kapsaml\u0131 ve etkili bir e\u011fitim program\u0131 sunuyor. Uzman kadromuz ve g\u00fcncel m\u00fcfredata uygun e\u011fitim materyallerimizle, s\u0131nav\u0131n t\u00fcm zorluklar\u0131n\u0131 a\u015fman\u0131za yard\u0131mc\u0131 oluyoruz.<\/p><p><strong>KPSS A \u2013 \u0130\u0130BF A GRUBU<\/strong> haz\u0131rl\u0131k program\u0131m\u0131z, \u0130ktisat, \u0130\u015fletme, Maliye, \u0130statistik gibi alanlarda uzmanla\u015fm\u0131\u015f e\u011fitmenler taraf\u0131ndan verilmektedir. Bu alanlarda sa\u011flam bir temel olu\u015fturarak, s\u0131navda ba\u015far\u0131l\u0131 olman\u0131z i\u00e7in gereken bilgi ve becerileri kazand\u0131rmay\u0131 hedefliyoruz.<\/p><p><strong>Program\u0131m\u0131zda \u015funlar yer almaktad\u0131r:<\/strong><\/p><p><strong>Konu Anlat\u0131m\u0131:<\/strong> S\u0131navda \u00e7\u0131kan t\u00fcm konular\u0131 kapsayan, a\u00e7\u0131klay\u0131c\u0131 ve anla\u015f\u0131l\u0131r bir \u015fekilde anlat\u0131m.<br \/>Soru \u00c7\u00f6z\u00fcm\u00fc: \u00c7e\u015fitli kaynaklardan se\u00e7ilen, s\u0131nav tarz\u0131na uygun sorularla pratik yapma imkan\u0131.<br \/>S\u0131nav Stratejileri: S\u0131navda zaman y\u00f6netimi, soru se\u00e7imi ve do\u011fru cevaplama teknikleri gibi stratejiler.<br \/>Motivasyon ve Rehberlik: Ba\u015far\u0131ya ula\u015fman\u0131z i\u00e7in size s\u00fcrekli destek ve motivasyon sa\u011flayan, bireysel ihtiya\u00e7lar\u0131n\u0131za \u00f6zel rehberlik.<br \/>Deneme S\u0131navlar\u0131: Ger\u00e7ek s\u0131nav ko\u015fullar\u0131n\u0131 sim\u00fcle eden, zaman y\u00f6netimi ve performans\u0131n\u0131z\u0131 \u00f6l\u00e7menizi sa\u011flayan deneme s\u0131navlar\u0131.<br \/>Rize Yediiklim Ki\u015fisel Geli\u015fim Kursu olarak, size sadece bilgi aktarmakla kalm\u0131yor, ayn\u0131 zamanda sizi ba\u015far\u0131ya g\u00f6t\u00fcrecek bir yol haritas\u0131 sunuyoruz. Uzman kadromuz, size bireysel ihtiya\u00e7lar\u0131n\u0131za uygun e\u011fitim ve destek sa\u011flayarak, sizin de hayallerinize ula\u015fman\u0131za yard\u0131mc\u0131 olmay\u0131 hedefliyor.<\/p><p><strong>KPSS A<\/strong> \u2013 <strong>\u0130\u0130BF A GRUBU<\/strong> s\u0131nav\u0131na haz\u0131rlanmak i\u00e7in do\u011fru adrestesiniz! Rize Yediiklim Ki\u015fisel Geli\u015fim Kursu&#8217;nda, ba\u015far\u0131ya giden yolda size rehberlik etmek i\u00e7in sab\u0131rs\u0131zlan\u0131yoruz.<\/p>\t\t\t\t\t\t<\/div>\n\t\t\t\t<\/div>\n\t\t\t\t<div class=\"elementor-element elementor-element-7300fdb elementor-widget elementor-widget-heading\" data-id=\"7300fdb\" data-element_type=\"widget\" data-widget_type=\"heading.default\">\n\t\t\t\t<div class=\"elementor-widget-container\">\n\t\t\t<h2 class=\"elementor-heading-title elementor-size-default\">Bilgilerini B\u0131rak Seni Arayal\u0131m!<\/h2>\t\t<\/div>\n\t\t\t\t<\/div>\n\t\t\t\t<div class=\"elementor-element elementor-element-91c97f2 elementor-widget elementor-widget-wpforms\" data-id=\"91c97f2\" data-element_type=\"widget\" data-widget_type=\"wpforms.default\">\n\t\t\t\t<div class=\"elementor-widget-container\">\n\t\t\t<style id=\"wpforms-css-vars-root\">\n\t\t\t\t:root {\n\t\t\t\t\t--wpforms-field-border-radius: 3px;\n--wpforms-field-background-color: #ffffff;\n--wpforms-field-border-color: rgba( 0, 0, 0, 0.25 );\n--wpforms-field-text-color: rgba( 0, 0, 0, 0.7 );\n--wpforms-label-color: rgba( 0, 0, 0, 0.85 );\n--wpforms-label-sublabel-color: rgba( 0, 0, 0, 0.55 );\n--wpforms-label-error-color: #d63637;\n--wpforms-button-border-radius: 3px;\n--wpforms-button-background-color: #066aab;\n--wpforms-button-text-color: #ffffff;\n--wpforms-field-size-input-height: 43px;\n--wpforms-field-size-input-spacing: 15px;\n--wpforms-field-size-font-size: 16px;\n--wpforms-field-size-line-height: 19px;\n--wpforms-field-size-padding-h: 14px;\n--wpforms-field-size-checkbox-size: 16px;\n--wpforms-field-size-sublabel-spacing: 5px;\n--wpforms-field-size-icon-size: 1;\n--wpforms-label-size-font-size: 16px;\n--wpforms-label-size-line-height: 19px;\n--wpforms-label-size-sublabel-font-size: 14px;\n--wpforms-label-size-sublabel-line-height: 17px;\n--wpforms-button-size-font-size: 17px;\n--wpforms-button-size-height: 41px;\n--wpforms-button-size-padding-h: 15px;\n--wpforms-button-size-margin-top: 10px;\n\n\t\t\t\t}\n\t\t\t<\/style><style id=\"wpforms-css-vars-elementor-widget-91c97f2\">\n\t\t\t\t.elementor-widget-wpforms.elementor-element-91c97f2 {\n\t\t\t\t\t--wpforms-field-size-input-height: 43px;\n--wpforms-field-size-input-spacing: 15px;\n--wpforms-field-size-font-size: 16px;\n--wpforms-field-size-line-height: 19px;\n--wpforms-field-size-padding-h: 14px;\n--wpforms-field-size-checkbox-size: 16px;\n--wpforms-field-size-sublabel-spacing: 5px;\n--wpforms-field-size-icon-size: 1;\n--wpforms-label-size-font-size: 16px;\n--wpforms-label-size-line-height: 19px;\n--wpforms-label-size-sublabel-font-size: 14px;\n--wpforms-label-size-sublabel-line-height: 17px;\n--wpforms-button-size-font-size: 17px;\n--wpforms-button-size-height: 41px;\n--wpforms-button-size-padding-h: 15px;\n--wpforms-button-size-margin-top: 10px;\n\n\t\t\t\t}\n\t\t\t<\/style>\t\t<\/div>\n\t\t\t\t<\/div>\n\t\t\t\t\t<\/div>\n\t\t<\/div>\n\t\t\t\t<div class=\"elementor-column elementor-col-33 elementor-top-column elementor-element elementor-element-bfa934b\" data-id=\"bfa934b\" data-element_type=\"column\">\n\t\t\t<div class=\"elementor-widget-wrap elementor-element-populated\">\n\t\t\t\t\t\t\t\t<div class=\"elementor-element elementor-element-d97c29e elementor-widget elementor-widget-heading\" data-id=\"d97c29e\" data-element_type=\"widget\" data-widget_type=\"heading.default\">\n\t\t\t\t<div class=\"elementor-widget-container\">\n\t\t\t<h2 class=\"elementor-heading-title elementor-size-default\">KURSLARIMIZ<\/h2>\t\t<\/div>\n\t\t\t\t<\/div>\n\t\t\t\t<div class=\"elementor-element elementor-element-5e5ebaf elementor-widget elementor-widget-image\" data-id=\"5e5ebaf\" data-element_type=\"widget\" data-widget_type=\"image.default\">\n\t\t\t\t<div class=\"elementor-widget-container\">\n\t\t\t<style>\/*! elementor - v3.11.2 - 22-02-2023 *\/\n.elementor-widget-image{text-align:center}.elementor-widget-image a{display:inline-block}.elementor-widget-image a img[src$=\".svg\"]{width:48px}.elementor-widget-image img{vertical-align:middle;display:inline-block}<\/style>\t\t\t\t\t\t\t\t\t\t\t\t<img loading=\"lazy\" decoding=\"async\" width=\"900\" height=\"900\" src=\"https:\/\/rizeyediiklim.com.tr\/wp-content\/uploads\/2024\/08\/2024-08-29-00-26-56-36-1-1024x1024.jpg\" class=\"attachment-large size-large wp-image-1762\" alt=\"\" srcset=\"https:\/\/rizeyediiklim.com.tr\/wp-content\/uploads\/2024\/08\/2024-08-29-00-26-56-36-1-1024x1024.jpg 1024w, https:\/\/rizeyediiklim.com.tr\/wp-content\/uploads\/2024\/08\/2024-08-29-00-26-56-36-1-300x300.jpg 300w, https:\/\/rizeyediiklim.com.tr\/wp-content\/uploads\/2024\/08\/2024-08-29-00-26-56-36-1-150x150.jpg 150w, https:\/\/rizeyediiklim.com.tr\/wp-content\/uploads\/2024\/08\/2024-08-29-00-26-56-36-1-768x768.jpg 768w, https:\/\/rizeyediiklim.com.tr\/wp-content\/uploads\/2024\/08\/2024-08-29-00-26-56-36-1-1536x1536.jpg 1536w, https:\/\/rizeyediiklim.com.tr\/wp-content\/uploads\/2024\/08\/2024-08-29-00-26-56-36-1.jpg 1600w\" sizes=\"auto, (max-width: 900px) 100vw, 900px\" \/>\t\t\t\t\t\t\t\t\t\t\t\t\t\t\t<\/div>\n\t\t\t\t<\/div>\n\t\t\t\t<div class=\"elementor-element elementor-element-2f38bc0 elementor-widget elementor-widget-image\" data-id=\"2f38bc0\" data-element_type=\"widget\" data-widget_type=\"image.default\">\n\t\t\t\t<div class=\"elementor-widget-container\">\n\t\t\t\t\t\t\t\t\t\t\t\t\t\t\t<img loading=\"lazy\" decoding=\"async\" width=\"577\" height=\"1024\" src=\"https:\/\/rizeyediiklim.com.tr\/wp-content\/uploads\/2024\/08\/2024-08-29-00-26-55-26-1-577x1024.jpg\" class=\"attachment-large size-large wp-image-1761\" alt=\"\" srcset=\"https:\/\/rizeyediiklim.com.tr\/wp-content\/uploads\/2024\/08\/2024-08-29-00-26-55-26-1-577x1024.jpg 577w, https:\/\/rizeyediiklim.com.tr\/wp-content\/uploads\/2024\/08\/2024-08-29-00-26-55-26-1-169x300.jpg 169w, https:\/\/rizeyediiklim.com.tr\/wp-content\/uploads\/2024\/08\/2024-08-29-00-26-55-26-1-768x1363.jpg 768w, https:\/\/rizeyediiklim.com.tr\/wp-content\/uploads\/2024\/08\/2024-08-29-00-26-55-26-1-865x1536.jpg 865w, https:\/\/rizeyediiklim.com.tr\/wp-content\/uploads\/2024\/08\/2024-08-29-00-26-55-26-1.jpg 939w\" sizes=\"auto, (max-width: 577px) 100vw, 577px\" \/>\t\t\t\t\t\t\t\t\t\t\t\t\t\t\t<\/div>\n\t\t\t\t<\/div>\n\t\t\t\t<div class=\"elementor-element elementor-element-5571ff1 elementor-widget elementor-widget-image\" data-id=\"5571ff1\" data-element_type=\"widget\" data-widget_type=\"image.default\">\n\t\t\t\t<div class=\"elementor-widget-container\">\n\t\t\t\t\t\t\t\t\t\t\t\t\t\t\t<img loading=\"lazy\" decoding=\"async\" width=\"900\" height=\"900\" src=\"https:\/\/rizeyediiklim.com.tr\/wp-content\/uploads\/revslider\/slider-1\/2024-08-29-00-26-55-20-1.jpg\" class=\"attachment-large size-large wp-image-1747\" alt=\"\" srcset=\"https:\/\/rizeyediiklim.com.tr\/wp-content\/uploads\/revslider\/slider-1\/2024-08-29-00-26-55-20-1.jpg 1600w, https:\/\/rizeyediiklim.com.tr\/wp-content\/uploads\/revslider\/slider-1\/2024-08-29-00-26-55-20-1-150x150.jpg 150w\" sizes=\"auto, (max-width: 900px) 100vw, 900px\" \/>\t\t\t\t\t\t\t\t\t\t\t\t\t\t\t<\/div>\n\t\t\t\t<\/div>\n\t\t\t\t\t<\/div>\n\t\t<\/div>\n\t\t\t\t\t\t\t<\/div>\n\t\t<\/section>\n\t\t\t\t\t\t\t<\/div>\n\t\t","protected":false},"excerpt":{"rendered":"<p>Neler Sunuyoruz? Hayallerinizin Kap\u0131s\u0131n\u0131 Aralay\u0131n! Kamu sekt\u00f6r\u00fcnde kariyer hedefleyen, \u0130\u0130BF mezunu veya \u00f6\u011frencisiyseniz, KPSS A \u2013 \u0130\u0130BF A GRUBU s\u0131nav\u0131na haz\u0131rlanman\u0131z, hayallerinize ula\u015fman\u0131z i\u00e7in atman\u0131z gereken en \u00f6nemli ad\u0131mlardan biridir. Rize Yediiklim Ki\u015fisel Geli\u015fim Kursu, bu \u00f6nemli s\u0131navda ba\u015far\u0131ya ula\u015fman\u0131z i\u00e7in size kapsaml\u0131 ve etkili bir e\u011fitim program\u0131 sunuyor. Uzman kadromuz ve g\u00fcncel m\u00fcfredata uygun [&hellip;]<\/p>\n","protected":false},"author":1,"featured_media":0,"parent":0,"menu_order":0,"comment_status":"closed","ping_status":"closed","template":"","meta":{"_acf_changed":false,"inline_featured_image":false,"footnotes":""},"class_list":["post-1587","page","type-page","status-publish","hentry"],"acf":[],"aioseo_notices":[],"_links":{"self":[{"href":"https:\/\/rizeyediiklim.com.tr\/index.php?rest_route=\/wp\/v2\/pages\/1587","targetHints":{"allow":["GET"]}}],"collection":[{"href":"https:\/\/rizeyediiklim.com.tr\/index.php?rest_route=\/wp\/v2\/pages"}],"about":[{"href":"https:\/\/rizeyediiklim.com.tr\/index.php?rest_route=\/wp\/v2\/types\/page"}],"author":[{"embeddable":true,"href":"https:\/\/rizeyediiklim.com.tr\/index.php?rest_route=\/wp\/v2\/users\/1"}],"replies":[{"embeddable":true,"href":"https:\/\/rizeyediiklim.com.tr\/index.php?rest_route=%2Fwp%2Fv2%2Fcomments&post=1587"}],"version-history":[{"count":0,"href":"https:\/\/rizeyediiklim.com.tr\/index.php?rest_route=\/wp\/v2\/pages\/1587\/revisions"}],"wp:attachment":[{"href":"https:\/\/rizeyediiklim.com.tr\/index.php?rest_route=%2Fwp%2Fv2%2Fmedia&parent=1587"}],"curies":[{"name":"wp","href":"https:\/\/api.w.org\/{rel}","templated":true}]}}