{"id":1600,"date":"2024-08-27T20:16:39","date_gmt":"2024-08-27T17:16:39","guid":{"rendered":"https:\/\/sahil.rizeyediiklim.com\/?page_id=1600"},"modified":"2024-08-27T20:16:39","modified_gmt":"2024-08-27T17:16:39","slug":"kpss-b-egitim-bilimleri","status":"publish","type":"page","link":"https:\/\/rizeyediiklim.com.tr\/?page_id=1600","title":{"rendered":"KPSS B \u2013 E\u011e\u0130T\u0130M B\u0130L\u0130MLER\u0130"},"content":{"rendered":"\t\t<div data-elementor-type=\"wp-page\" data-elementor-id=\"1600\" class=\"elementor elementor-1600\">\n\t\t\t\t\t\t\t\t\t<section class=\"elementor-section elementor-top-section elementor-element elementor-element-6b8d355 elementor-section-boxed elementor-section-height-default elementor-section-height-default\" data-id=\"6b8d355\" data-element_type=\"section\">\n\t\t\t\t\t\t<div class=\"elementor-container elementor-column-gap-default\">\n\t\t\t\t\t<div class=\"elementor-column elementor-col-66 elementor-top-column elementor-element elementor-element-dd5b1af\" data-id=\"dd5b1af\" data-element_type=\"column\">\n\t\t\t<div class=\"elementor-widget-wrap elementor-element-populated\">\n\t\t\t\t\t\t\t\t<div class=\"elementor-element elementor-element-75cc038 elementor-widget elementor-widget-heading\" data-id=\"75cc038\" data-element_type=\"widget\" data-widget_type=\"heading.default\">\n\t\t\t\t<div class=\"elementor-widget-container\">\n\t\t\t<style>\/*! elementor - v3.11.2 - 22-02-2023 *\/\n.elementor-heading-title{padding:0;margin:0;line-height:1}.elementor-widget-heading .elementor-heading-title[class*=elementor-size-]>a{color:inherit;font-size:inherit;line-height:inherit}.elementor-widget-heading .elementor-heading-title.elementor-size-small{font-size:15px}.elementor-widget-heading .elementor-heading-title.elementor-size-medium{font-size:19px}.elementor-widget-heading .elementor-heading-title.elementor-size-large{font-size:29px}.elementor-widget-heading .elementor-heading-title.elementor-size-xl{font-size:39px}.elementor-widget-heading .elementor-heading-title.elementor-size-xxl{font-size:59px}<\/style><h2 class=\"elementor-heading-title elementor-size-default\">Neler Sunuyoruz?<\/h2>\t\t<\/div>\n\t\t\t\t<\/div>\n\t\t\t\t<div class=\"elementor-element elementor-element-d89d36e elementor-widget elementor-widget-text-editor\" data-id=\"d89d36e\" data-element_type=\"widget\" data-widget_type=\"text-editor.default\">\n\t\t\t\t<div class=\"elementor-widget-container\">\n\t\t\t<style>\/*! elementor - v3.11.2 - 22-02-2023 *\/\n.elementor-widget-text-editor.elementor-drop-cap-view-stacked .elementor-drop-cap{background-color:#818a91;color:#fff}.elementor-widget-text-editor.elementor-drop-cap-view-framed .elementor-drop-cap{color:#818a91;border:3px solid;background-color:transparent}.elementor-widget-text-editor:not(.elementor-drop-cap-view-default) .elementor-drop-cap{margin-top:8px}.elementor-widget-text-editor:not(.elementor-drop-cap-view-default) .elementor-drop-cap-letter{width:1em;height:1em}.elementor-widget-text-editor .elementor-drop-cap{float:left;text-align:center;line-height:1;font-size:50px}.elementor-widget-text-editor .elementor-drop-cap-letter{display:inline-block}<\/style>\t\t\t\t<p><img loading=\"lazy\" decoding=\"async\" class=\"alignnone size-medium wp-image-1762\" src=\"https:\/\/sahil.rizeyediiklim.com\/wp-content\/uploads\/2024\/08\/2024-08-29-00-26-56-36-300x300.jpg\" alt=\"\" width=\"300\" height=\"300\" \/><\/p>\t\t\t\t\t\t<\/div>\n\t\t\t\t<\/div>\n\t\t\t\t<div class=\"elementor-element elementor-element-d4a7921 elementor-widget elementor-widget-text-editor\" data-id=\"d4a7921\" data-element_type=\"widget\" data-widget_type=\"text-editor.default\">\n\t\t\t\t<div class=\"elementor-widget-container\">\n\t\t\t\t\t\t\t<h2 class=\"my-[1em] leading-[1.4] text-[16px]\">\u00d6\u011fretmenlik Yolculu\u011funuzun Ba\u015flang\u0131c\u0131<\/h2><p>\u00d6\u011fretmenlik mesle\u011fi, gelece\u011fin mimarlar\u0131 olan \u00e7ocuklar\u0131n yeti\u015fmesinde \u00f6nemli bir rol oynar. Bu anlaml\u0131 mesle\u011fe ad\u0131m atmak isteyenler i\u00e7in <strong>KPSS B \u2013 E\u011e\u0130T\u0130M B\u0130L\u0130MLER\u0130<\/strong> s\u0131nav\u0131, hayallerine ula\u015fmak i\u00e7in ge\u00e7ilmesi gereken bir a\u015famad\u0131r.<\/p><p><strong>Rize Yediiklim Ki\u015fisel Geli\u015fim Kursu<\/strong>, bu zorlu s\u0131navda ba\u015far\u0131ya ula\u015fman\u0131z i\u00e7in size kapsaml\u0131 ve etkili bir e\u011fitim program\u0131 sunmaktad\u0131r. E\u011fitim Bilimleri alan\u0131nda uzmanla\u015fm\u0131\u015f e\u011fitmen kadromuz, sizi s\u0131nav\u0131n t\u00fcm zorluklar\u0131n\u0131 a\u015fmaya haz\u0131rlayacak bilgi ve becerilerle donatmaktad\u0131r.<\/p><p><strong>KPSS B \u2013 E\u011e\u0130T\u0130M B\u0130L\u0130MLER\u0130<\/strong> haz\u0131rl\u0131k program\u0131m\u0131z, \u00f6\u011fretmenlik mesle\u011fine dair kapsaml\u0131 bir e\u011fitim sunar. Program\u0131m\u0131zda \u015funlar yer almaktad\u0131r:<\/p><p><strong>E\u011fitim Bilimleri Temelleri:<\/strong> E\u011fitim felsefesi, e\u011fitim psikolojisi, \u00f6l\u00e7me ve de\u011ferlendirme, e\u011fitim sosyolojisi gibi temel konular\u0131n kapsaml\u0131 bir \u015fekilde ele al\u0131nmas\u0131.<br \/>\u00d6\u011fretim Y\u00f6ntemleri: Farkl\u0131 \u00f6\u011frenme stillerine uygun, etkili \u00f6\u011fretim y\u00f6ntemleri ve teknikleri hakk\u0131nda bilgi verilmesi.<br \/><strong>S\u0131n\u0131f Y\u00f6netimi:<\/strong> S\u0131n\u0131f ortam\u0131n\u0131 d\u00fczenleme, \u00f6\u011frenci davran\u0131\u015flar\u0131n\u0131 y\u00f6netme ve \u00f6\u011frenme-\u00f6\u011fretme s\u00fcrecini etkili bir \u015fekilde y\u00f6netme becerilerinin kazand\u0131r\u0131lmas\u0131.<br \/><strong>Pedagojik Formasyon:<\/strong> \u00d6\u011fretmenlik mesle\u011finin etik de\u011ferleri, mesleki geli\u015fim ve \u00f6\u011fretmenlik mesle\u011finin toplumsal rol\u00fc gibi konular\u0131n ele al\u0131nmas\u0131.<br \/><strong>S\u0131nav Stratejileri:<\/strong> S\u0131navda zaman y\u00f6netimi, soru se\u00e7imi ve do\u011fru cevaplama teknikleri gibi stratejilerin \u00f6\u011fretilmesi.<br \/><strong>Deneme S\u0131navlar\u0131:<\/strong> Ger\u00e7ek s\u0131nav ko\u015fullar\u0131n\u0131 sim\u00fcle eden, zaman y\u00f6netimi ve performans\u0131n\u0131z\u0131 \u00f6l\u00e7menizi sa\u011flayan deneme s\u0131navlar\u0131.<br \/><strong>Rize Yediiklim Ki\u015fisel Geli\u015fim Kursu<\/strong> olarak, size sadece bilgi aktarmakla kalm\u0131yor, ayn\u0131 zamanda sizi ba\u015far\u0131ya g\u00f6t\u00fcrecek bir yol haritas\u0131 sunuyoruz. Uzman kadromuz, size bireysel ihtiya\u00e7lar\u0131n\u0131za uygun e\u011fitim ve destek sa\u011flayarak, sizin de \u00f6\u011fretmenlik hayallerinize ula\u015fman\u0131za yard\u0131mc\u0131 olmay\u0131 hedefliyor.<\/p><p><strong>KPSS B \u2013 E\u011e\u0130T\u0130M B\u0130L\u0130MLER\u0130<\/strong> s\u0131nav\u0131na haz\u0131rlanmak i\u00e7in do\u011fru adrestesiniz! Rize Yediiklim Ki\u015fisel Geli\u015fim Kursu&#8217;nda, ba\u015far\u0131ya giden yolda size rehberlik etmek i\u00e7in sab\u0131rs\u0131zlan\u0131yoruz.<\/p>\t\t\t\t\t\t<\/div>\n\t\t\t\t<\/div>\n\t\t\t\t<div class=\"elementor-element elementor-element-7300fdb elementor-widget elementor-widget-heading\" data-id=\"7300fdb\" data-element_type=\"widget\" data-widget_type=\"heading.default\">\n\t\t\t\t<div class=\"elementor-widget-container\">\n\t\t\t<h2 class=\"elementor-heading-title elementor-size-default\">Bilgilerini B\u0131rak Seni Arayal\u0131m!<\/h2>\t\t<\/div>\n\t\t\t\t<\/div>\n\t\t\t\t<div class=\"elementor-element elementor-element-91c97f2 elementor-widget elementor-widget-wpforms\" data-id=\"91c97f2\" data-element_type=\"widget\" data-widget_type=\"wpforms.default\">\n\t\t\t\t<div class=\"elementor-widget-container\">\n\t\t\t<style id=\"wpforms-css-vars-root\">\n\t\t\t\t:root {\n\t\t\t\t\t--wpforms-field-border-radius: 3px;\n--wpforms-field-background-color: #ffffff;\n--wpforms-field-border-color: rgba( 0, 0, 0, 0.25 );\n--wpforms-field-text-color: rgba( 0, 0, 0, 0.7 );\n--wpforms-label-color: rgba( 0, 0, 0, 0.85 );\n--wpforms-label-sublabel-color: rgba( 0, 0, 0, 0.55 );\n--wpforms-label-error-color: #d63637;\n--wpforms-button-border-radius: 3px;\n--wpforms-button-background-color: #066aab;\n--wpforms-button-text-color: #ffffff;\n--wpforms-field-size-input-height: 43px;\n--wpforms-field-size-input-spacing: 15px;\n--wpforms-field-size-font-size: 16px;\n--wpforms-field-size-line-height: 19px;\n--wpforms-field-size-padding-h: 14px;\n--wpforms-field-size-checkbox-size: 16px;\n--wpforms-field-size-sublabel-spacing: 5px;\n--wpforms-field-size-icon-size: 1;\n--wpforms-label-size-font-size: 16px;\n--wpforms-label-size-line-height: 19px;\n--wpforms-label-size-sublabel-font-size: 14px;\n--wpforms-label-size-sublabel-line-height: 17px;\n--wpforms-button-size-font-size: 17px;\n--wpforms-button-size-height: 41px;\n--wpforms-button-size-padding-h: 15px;\n--wpforms-button-size-margin-top: 10px;\n\n\t\t\t\t}\n\t\t\t<\/style><style id=\"wpforms-css-vars-elementor-widget-91c97f2\">\n\t\t\t\t.elementor-widget-wpforms.elementor-element-91c97f2 {\n\t\t\t\t\t--wpforms-field-size-input-height: 43px;\n--wpforms-field-size-input-spacing: 15px;\n--wpforms-field-size-font-size: 16px;\n--wpforms-field-size-line-height: 19px;\n--wpforms-field-size-padding-h: 14px;\n--wpforms-field-size-checkbox-size: 16px;\n--wpforms-field-size-sublabel-spacing: 5px;\n--wpforms-field-size-icon-size: 1;\n--wpforms-label-size-font-size: 16px;\n--wpforms-label-size-line-height: 19px;\n--wpforms-label-size-sublabel-font-size: 14px;\n--wpforms-label-size-sublabel-line-height: 17px;\n--wpforms-button-size-font-size: 17px;\n--wpforms-button-size-height: 41px;\n--wpforms-button-size-padding-h: 15px;\n--wpforms-button-size-margin-top: 10px;\n\n\t\t\t\t}\n\t\t\t<\/style>\t\t<\/div>\n\t\t\t\t<\/div>\n\t\t\t\t\t<\/div>\n\t\t<\/div>\n\t\t\t\t<div class=\"elementor-column elementor-col-33 elementor-top-column elementor-element elementor-element-bfa934b\" data-id=\"bfa934b\" data-element_type=\"column\">\n\t\t\t<div class=\"elementor-widget-wrap elementor-element-populated\">\n\t\t\t\t\t\t\t\t<div class=\"elementor-element elementor-element-d97c29e elementor-widget elementor-widget-heading\" data-id=\"d97c29e\" data-element_type=\"widget\" data-widget_type=\"heading.default\">\n\t\t\t\t<div class=\"elementor-widget-container\">\n\t\t\t<h2 class=\"elementor-heading-title elementor-size-default\">KURSLARIMIZ<\/h2>\t\t<\/div>\n\t\t\t\t<\/div>\n\t\t\t\t<div class=\"elementor-element elementor-element-5e5ebaf elementor-widget elementor-widget-image\" data-id=\"5e5ebaf\" data-element_type=\"widget\" data-widget_type=\"image.default\">\n\t\t\t\t<div class=\"elementor-widget-container\">\n\t\t\t<style>\/*! elementor - v3.11.2 - 22-02-2023 *\/\n.elementor-widget-image{text-align:center}.elementor-widget-image a{display:inline-block}.elementor-widget-image a img[src$=\".svg\"]{width:48px}.elementor-widget-image img{vertical-align:middle;display:inline-block}<\/style>\t\t\t\t\t\t\t\t\t\t\t\t<img loading=\"lazy\" decoding=\"async\" width=\"900\" height=\"900\" src=\"https:\/\/rizeyediiklim.com.tr\/wp-content\/uploads\/2024\/08\/2024-08-29-00-26-56-36-1-1024x1024.jpg\" class=\"attachment-large size-large wp-image-1762\" alt=\"\" srcset=\"https:\/\/rizeyediiklim.com.tr\/wp-content\/uploads\/2024\/08\/2024-08-29-00-26-56-36-1-1024x1024.jpg 1024w, https:\/\/rizeyediiklim.com.tr\/wp-content\/uploads\/2024\/08\/2024-08-29-00-26-56-36-1-300x300.jpg 300w, https:\/\/rizeyediiklim.com.tr\/wp-content\/uploads\/2024\/08\/2024-08-29-00-26-56-36-1-150x150.jpg 150w, https:\/\/rizeyediiklim.com.tr\/wp-content\/uploads\/2024\/08\/2024-08-29-00-26-56-36-1-768x768.jpg 768w, https:\/\/rizeyediiklim.com.tr\/wp-content\/uploads\/2024\/08\/2024-08-29-00-26-56-36-1-1536x1536.jpg 1536w, https:\/\/rizeyediiklim.com.tr\/wp-content\/uploads\/2024\/08\/2024-08-29-00-26-56-36-1.jpg 1600w\" sizes=\"auto, (max-width: 900px) 100vw, 900px\" \/>\t\t\t\t\t\t\t\t\t\t\t\t\t\t\t<\/div>\n\t\t\t\t<\/div>\n\t\t\t\t<div class=\"elementor-element elementor-element-2f38bc0 elementor-widget elementor-widget-image\" data-id=\"2f38bc0\" data-element_type=\"widget\" data-widget_type=\"image.default\">\n\t\t\t\t<div class=\"elementor-widget-container\">\n\t\t\t\t\t\t\t\t\t\t\t\t\t\t\t<img loading=\"lazy\" decoding=\"async\" width=\"577\" height=\"1024\" src=\"https:\/\/rizeyediiklim.com.tr\/wp-content\/uploads\/2024\/08\/2024-08-29-00-26-55-26-1-577x1024.jpg\" class=\"attachment-large size-large wp-image-1761\" alt=\"\" srcset=\"https:\/\/rizeyediiklim.com.tr\/wp-content\/uploads\/2024\/08\/2024-08-29-00-26-55-26-1-577x1024.jpg 577w, https:\/\/rizeyediiklim.com.tr\/wp-content\/uploads\/2024\/08\/2024-08-29-00-26-55-26-1-169x300.jpg 169w, https:\/\/rizeyediiklim.com.tr\/wp-content\/uploads\/2024\/08\/2024-08-29-00-26-55-26-1-768x1363.jpg 768w, https:\/\/rizeyediiklim.com.tr\/wp-content\/uploads\/2024\/08\/2024-08-29-00-26-55-26-1-865x1536.jpg 865w, https:\/\/rizeyediiklim.com.tr\/wp-content\/uploads\/2024\/08\/2024-08-29-00-26-55-26-1.jpg 939w\" sizes=\"auto, (max-width: 577px) 100vw, 577px\" \/>\t\t\t\t\t\t\t\t\t\t\t\t\t\t\t<\/div>\n\t\t\t\t<\/div>\n\t\t\t\t<div class=\"elementor-element elementor-element-5571ff1 elementor-widget elementor-widget-image\" data-id=\"5571ff1\" data-element_type=\"widget\" data-widget_type=\"image.default\">\n\t\t\t\t<div class=\"elementor-widget-container\">\n\t\t\t\t\t\t\t\t\t\t\t\t\t\t\t<img loading=\"lazy\" decoding=\"async\" width=\"900\" height=\"900\" src=\"https:\/\/rizeyediiklim.com.tr\/wp-content\/uploads\/2024\/08\/2024-08-29-00-26-55-10-1-1024x1024.jpg\" class=\"attachment-large size-large wp-image-1739\" alt=\"\" srcset=\"https:\/\/rizeyediiklim.com.tr\/wp-content\/uploads\/2024\/08\/2024-08-29-00-26-55-10-1-1024x1024.jpg 1024w, https:\/\/rizeyediiklim.com.tr\/wp-content\/uploads\/2024\/08\/2024-08-29-00-26-55-10-1-300x300.jpg 300w, https:\/\/rizeyediiklim.com.tr\/wp-content\/uploads\/2024\/08\/2024-08-29-00-26-55-10-1-150x150.jpg 150w, https:\/\/rizeyediiklim.com.tr\/wp-content\/uploads\/2024\/08\/2024-08-29-00-26-55-10-1-768x768.jpg 768w, https:\/\/rizeyediiklim.com.tr\/wp-content\/uploads\/2024\/08\/2024-08-29-00-26-55-10-1-1536x1536.jpg 1536w, https:\/\/rizeyediiklim.com.tr\/wp-content\/uploads\/2024\/08\/2024-08-29-00-26-55-10-1.jpg 2048w\" sizes=\"auto, (max-width: 900px) 100vw, 900px\" \/>\t\t\t\t\t\t\t\t\t\t\t\t\t\t\t<\/div>\n\t\t\t\t<\/div>\n\t\t\t\t\t<\/div>\n\t\t<\/div>\n\t\t\t\t\t\t\t<\/div>\n\t\t<\/section>\n\t\t\t\t\t\t\t<\/div>\n\t\t","protected":false},"excerpt":{"rendered":"<p>Neler Sunuyoruz? \u00d6\u011fretmenlik Yolculu\u011funuzun Ba\u015flang\u0131c\u0131 \u00d6\u011fretmenlik mesle\u011fi, gelece\u011fin mimarlar\u0131 olan \u00e7ocuklar\u0131n yeti\u015fmesinde \u00f6nemli bir rol oynar. Bu anlaml\u0131 mesle\u011fe ad\u0131m atmak isteyenler i\u00e7in KPSS B \u2013 E\u011e\u0130T\u0130M B\u0130L\u0130MLER\u0130 s\u0131nav\u0131, hayallerine ula\u015fmak i\u00e7in ge\u00e7ilmesi gereken bir a\u015famad\u0131r. Rize Yediiklim Ki\u015fisel Geli\u015fim Kursu, bu zorlu s\u0131navda ba\u015far\u0131ya ula\u015fman\u0131z i\u00e7in size kapsaml\u0131 ve etkili bir e\u011fitim program\u0131 sunmaktad\u0131r. [&hellip;]<\/p>\n","protected":false},"author":1,"featured_media":0,"parent":0,"menu_order":0,"comment_status":"closed","ping_status":"closed","template":"","meta":{"_acf_changed":false,"inline_featured_image":false,"footnotes":""},"class_list":["post-1600","page","type-page","status-publish","hentry"],"acf":[],"aioseo_notices":[],"_links":{"self":[{"href":"https:\/\/rizeyediiklim.com.tr\/index.php?rest_route=\/wp\/v2\/pages\/1600","targetHints":{"allow":["GET"]}}],"collection":[{"href":"https:\/\/rizeyediiklim.com.tr\/index.php?rest_route=\/wp\/v2\/pages"}],"about":[{"href":"https:\/\/rizeyediiklim.com.tr\/index.php?rest_route=\/wp\/v2\/types\/page"}],"author":[{"embeddable":true,"href":"https:\/\/rizeyediiklim.com.tr\/index.php?rest_route=\/wp\/v2\/users\/1"}],"replies":[{"embeddable":true,"href":"https:\/\/rizeyediiklim.com.tr\/index.php?rest_route=%2Fwp%2Fv2%2Fcomments&post=1600"}],"version-history":[{"count":0,"href":"https:\/\/rizeyediiklim.com.tr\/index.php?rest_route=\/wp\/v2\/pages\/1600\/revisions"}],"wp:attachment":[{"href":"https:\/\/rizeyediiklim.com.tr\/index.php?rest_route=%2Fwp%2Fv2%2Fmedia&parent=1600"}],"curies":[{"name":"wp","href":"https:\/\/api.w.org\/{rel}","templated":true}]}}