{"id":1632,"date":"2024-08-27T20:33:49","date_gmt":"2024-08-27T17:33:49","guid":{"rendered":"https:\/\/sahil.rizeyediiklim.com\/?page_id=1632"},"modified":"2024-08-27T20:33:49","modified_gmt":"2024-08-27T17:33:49","slug":"dil-sinavi-yds","status":"publish","type":"page","link":"https:\/\/rizeyediiklim.com.tr\/?page_id=1632","title":{"rendered":"D\u0130L SINAVI \u2013 YDS"},"content":{"rendered":"\t\t<div data-elementor-type=\"wp-page\" data-elementor-id=\"1632\" class=\"elementor elementor-1632\">\n\t\t\t\t\t\t\t\t\t<section class=\"elementor-section elementor-top-section elementor-element elementor-element-6b8d355 elementor-section-boxed elementor-section-height-default elementor-section-height-default\" data-id=\"6b8d355\" data-element_type=\"section\">\n\t\t\t\t\t\t<div class=\"elementor-container elementor-column-gap-default\">\n\t\t\t\t\t<div class=\"elementor-column elementor-col-66 elementor-top-column elementor-element elementor-element-dd5b1af\" data-id=\"dd5b1af\" data-element_type=\"column\">\n\t\t\t<div class=\"elementor-widget-wrap elementor-element-populated\">\n\t\t\t\t\t\t\t\t<div class=\"elementor-element elementor-element-75cc038 elementor-widget elementor-widget-heading\" data-id=\"75cc038\" data-element_type=\"widget\" data-widget_type=\"heading.default\">\n\t\t\t\t<div class=\"elementor-widget-container\">\n\t\t\t<style>\/*! elementor - v3.11.2 - 22-02-2023 *\/\n.elementor-heading-title{padding:0;margin:0;line-height:1}.elementor-widget-heading .elementor-heading-title[class*=elementor-size-]>a{color:inherit;font-size:inherit;line-height:inherit}.elementor-widget-heading .elementor-heading-title.elementor-size-small{font-size:15px}.elementor-widget-heading .elementor-heading-title.elementor-size-medium{font-size:19px}.elementor-widget-heading .elementor-heading-title.elementor-size-large{font-size:29px}.elementor-widget-heading .elementor-heading-title.elementor-size-xl{font-size:39px}.elementor-widget-heading .elementor-heading-title.elementor-size-xxl{font-size:59px}<\/style><h2 class=\"elementor-heading-title elementor-size-default\">Neler Sunuyoruz?<\/h2>\t\t<\/div>\n\t\t\t\t<\/div>\n\t\t\t\t<div class=\"elementor-element elementor-element-d89d36e elementor-widget elementor-widget-text-editor\" data-id=\"d89d36e\" data-element_type=\"widget\" data-widget_type=\"text-editor.default\">\n\t\t\t\t<div class=\"elementor-widget-container\">\n\t\t\t<style>\/*! elementor - v3.11.2 - 22-02-2023 *\/\n.elementor-widget-text-editor.elementor-drop-cap-view-stacked .elementor-drop-cap{background-color:#818a91;color:#fff}.elementor-widget-text-editor.elementor-drop-cap-view-framed .elementor-drop-cap{color:#818a91;border:3px solid;background-color:transparent}.elementor-widget-text-editor:not(.elementor-drop-cap-view-default) .elementor-drop-cap{margin-top:8px}.elementor-widget-text-editor:not(.elementor-drop-cap-view-default) .elementor-drop-cap-letter{width:1em;height:1em}.elementor-widget-text-editor .elementor-drop-cap{float:left;text-align:center;line-height:1;font-size:50px}.elementor-widget-text-editor .elementor-drop-cap-letter{display:inline-block}<\/style>\t\t\t\t<p><img loading=\"lazy\" decoding=\"async\" class=\"alignnone size-medium wp-image-1762\" src=\"https:\/\/sahil.rizeyediiklim.com\/wp-content\/uploads\/2024\/08\/2024-08-29-00-26-56-36-300x300.jpg\" alt=\"\" width=\"300\" height=\"300\" \/><\/p>\t\t\t\t\t\t<\/div>\n\t\t\t\t<\/div>\n\t\t\t\t<div class=\"elementor-element elementor-element-d41e56f elementor-widget elementor-widget-text-editor\" data-id=\"d41e56f\" data-element_type=\"widget\" data-widget_type=\"text-editor.default\">\n\t\t\t\t<div class=\"elementor-widget-container\">\n\t\t\t\t\t\t\t<h3>YDS&#8217;de Ba\u015far\u0131ya Giden Yol: Rize Yediiklim Ki\u015fisel Geli\u015fim Kursu<\/h3><p>Y\u00fcksek lisans e\u011fitimi almak, uluslararas\u0131 platformlarda \u00e7al\u0131\u015fmak veya yurt d\u0131\u015f\u0131na e\u011fitim almak isteyenler i\u00e7in <strong>YDS<\/strong> (<strong>Yabanc\u0131 Dil Bilgisi Seviye Tespit S\u0131nav\u0131<\/strong>), \u00f6nemli bir kap\u0131. <strong>Rize Yediiklim Ki\u015fisel Geli\u015fim Kursu<\/strong> olarak, sizleri <strong>YDS<\/strong> s\u0131nav\u0131na haz\u0131rlamak i\u00e7in uzman kadrosu ve etkili e\u011fitim program\u0131m\u0131zla yan\u0131n\u0131zday\u0131z!<\/p><p><strong>Rize Yediiklim Ki\u015fisel Geli\u015fim Kursu&#8217;nda YDS Haz\u0131rl\u0131k Program\u0131m\u0131zda Neler Var?<\/strong><\/p><p><strong>Konu Anlat\u0131ml\u0131 Dersler:<\/strong> <strong>YDS<\/strong> s\u0131nav\u0131nda yer alan \u0130ngilizce dil bilgisi, s\u00f6zc\u00fck bilgisi, dinleme, okuma ve yazma becerilerini kapsayan uzman kadrolu konu anlat\u0131ml\u0131 dersler.<br \/><strong>\u00c7\u00f6z\u00fcml\u00fc \u00d6rneklerle Peki\u015ftirme:<\/strong> Derslerde i\u015flenen konular\u0131n peki\u015ftirilmesi i\u00e7in \u00e7\u00f6z\u00fcml\u00fc \u00f6rnekler ve uygulamalar.<br \/><strong>S\u0131nav Teknikleri:<\/strong> YDS&#8217;te zaman y\u00f6netimi, soru se\u00e7imi, do\u011fru cevaplama teknikleri ve stratejiler konusunda uzman kadromuzdan destek alma.<br \/><strong>Deneme S\u0131navlar\u0131:<\/strong> Ger\u00e7ek s\u0131nav ko\u015fullar\u0131n\u0131 sim\u00fcle eden, zaman y\u00f6netimi ve performans\u0131n\u0131z\u0131 \u00f6l\u00e7menizi sa\u011flayan deneme s\u0131navlar\u0131.<br \/><strong>Bireysel Destek:<\/strong> Her \u00f6\u011frencinin \u00f6zel ihtiya\u00e7lar\u0131na g\u00f6re uygulanan bireysel destek programlar\u0131.<br \/><strong>Motivasyon ve Psikolojik Destek:<\/strong> S\u0131nav stresiyle ba\u015fa \u00e7\u0131kma, motivasyonunuzu y\u00fcksek tutma ve ba\u015far\u0131ya odaklanma konusunda psikolojik destek.<br \/><strong>Rize Yediiklim Ki\u015fisel Geli\u015fim Kurs<\/strong>u olarak, size sadece bilgi aktarmakla kalm\u0131yor, ayn\u0131 zamanda sizi ba\u015far\u0131ya g\u00f6t\u00fcrecek bir yol haritas\u0131 sunuyoruz. Uzman kadromuz, size bireysel ihtiya\u00e7lar\u0131n\u0131za uygun e\u011fitim ve destek sa\u011flayarak, sizin de <strong>YDS<\/strong> s\u0131nav\u0131n\u0131 ba\u015far\u0131yla ge\u00e7menize yard\u0131mc\u0131 olmay\u0131 hedefliyor.<\/p><p><strong>YDS&#8217;te<\/strong> ba\u015far\u0131ya giden yol, <strong>Rize Yediiklim Ki\u015fisel Geli\u015fim Kursu<\/strong>&#8216;nda! Siz de hayallerinize ula\u015fmak i\u00e7in bizimle yolculu\u011fa \u00e7\u0131k\u0131n.<\/p>\t\t\t\t\t\t<\/div>\n\t\t\t\t<\/div>\n\t\t\t\t<div class=\"elementor-element elementor-element-7300fdb elementor-widget elementor-widget-heading\" data-id=\"7300fdb\" data-element_type=\"widget\" data-widget_type=\"heading.default\">\n\t\t\t\t<div class=\"elementor-widget-container\">\n\t\t\t<h2 class=\"elementor-heading-title elementor-size-default\">Bilgilerini B\u0131rak Seni Arayal\u0131m!<\/h2>\t\t<\/div>\n\t\t\t\t<\/div>\n\t\t\t\t<div class=\"elementor-element elementor-element-91c97f2 elementor-widget elementor-widget-wpforms\" data-id=\"91c97f2\" data-element_type=\"widget\" data-widget_type=\"wpforms.default\">\n\t\t\t\t<div class=\"elementor-widget-container\">\n\t\t\t<style id=\"wpforms-css-vars-root\">\n\t\t\t\t:root {\n\t\t\t\t\t--wpforms-field-border-radius: 3px;\n--wpforms-field-background-color: #ffffff;\n--wpforms-field-border-color: rgba( 0, 0, 0, 0.25 );\n--wpforms-field-text-color: rgba( 0, 0, 0, 0.7 );\n--wpforms-label-color: rgba( 0, 0, 0, 0.85 );\n--wpforms-label-sublabel-color: rgba( 0, 0, 0, 0.55 );\n--wpforms-label-error-color: #d63637;\n--wpforms-button-border-radius: 3px;\n--wpforms-button-background-color: #066aab;\n--wpforms-button-text-color: #ffffff;\n--wpforms-field-size-input-height: 43px;\n--wpforms-field-size-input-spacing: 15px;\n--wpforms-field-size-font-size: 16px;\n--wpforms-field-size-line-height: 19px;\n--wpforms-field-size-padding-h: 14px;\n--wpforms-field-size-checkbox-size: 16px;\n--wpforms-field-size-sublabel-spacing: 5px;\n--wpforms-field-size-icon-size: 1;\n--wpforms-label-size-font-size: 16px;\n--wpforms-label-size-line-height: 19px;\n--wpforms-label-size-sublabel-font-size: 14px;\n--wpforms-label-size-sublabel-line-height: 17px;\n--wpforms-button-size-font-size: 17px;\n--wpforms-button-size-height: 41px;\n--wpforms-button-size-padding-h: 15px;\n--wpforms-button-size-margin-top: 10px;\n\n\t\t\t\t}\n\t\t\t<\/style><style id=\"wpforms-css-vars-elementor-widget-91c97f2\">\n\t\t\t\t.elementor-widget-wpforms.elementor-element-91c97f2 {\n\t\t\t\t\t--wpforms-field-size-input-height: 43px;\n--wpforms-field-size-input-spacing: 15px;\n--wpforms-field-size-font-size: 16px;\n--wpforms-field-size-line-height: 19px;\n--wpforms-field-size-padding-h: 14px;\n--wpforms-field-size-checkbox-size: 16px;\n--wpforms-field-size-sublabel-spacing: 5px;\n--wpforms-field-size-icon-size: 1;\n--wpforms-label-size-font-size: 16px;\n--wpforms-label-size-line-height: 19px;\n--wpforms-label-size-sublabel-font-size: 14px;\n--wpforms-label-size-sublabel-line-height: 17px;\n--wpforms-button-size-font-size: 17px;\n--wpforms-button-size-height: 41px;\n--wpforms-button-size-padding-h: 15px;\n--wpforms-button-size-margin-top: 10px;\n\n\t\t\t\t}\n\t\t\t<\/style>\t\t<\/div>\n\t\t\t\t<\/div>\n\t\t\t\t\t<\/div>\n\t\t<\/div>\n\t\t\t\t<div class=\"elementor-column elementor-col-33 elementor-top-column elementor-element elementor-element-bfa934b\" data-id=\"bfa934b\" data-element_type=\"column\">\n\t\t\t<div class=\"elementor-widget-wrap elementor-element-populated\">\n\t\t\t\t\t\t\t\t<div class=\"elementor-element elementor-element-d97c29e elementor-widget elementor-widget-heading\" data-id=\"d97c29e\" data-element_type=\"widget\" data-widget_type=\"heading.default\">\n\t\t\t\t<div class=\"elementor-widget-container\">\n\t\t\t<h2 class=\"elementor-heading-title elementor-size-default\">KURSLARIMIZ<\/h2>\t\t<\/div>\n\t\t\t\t<\/div>\n\t\t\t\t<div class=\"elementor-element elementor-element-5e5ebaf elementor-widget elementor-widget-image\" data-id=\"5e5ebaf\" data-element_type=\"widget\" data-widget_type=\"image.default\">\n\t\t\t\t<div class=\"elementor-widget-container\">\n\t\t\t<style>\/*! elementor - v3.11.2 - 22-02-2023 *\/\n.elementor-widget-image{text-align:center}.elementor-widget-image a{display:inline-block}.elementor-widget-image a img[src$=\".svg\"]{width:48px}.elementor-widget-image img{vertical-align:middle;display:inline-block}<\/style>\t\t\t\t\t\t\t\t\t\t\t\t<img loading=\"lazy\" decoding=\"async\" width=\"900\" height=\"992\" src=\"https:\/\/rizeyediiklim.com.tr\/wp-content\/uploads\/2024\/08\/2024-08-29-00-26-56-13-1-929x1024.jpg\" class=\"attachment-large size-large wp-image-1719\" alt=\"\" srcset=\"https:\/\/rizeyediiklim.com.tr\/wp-content\/uploads\/2024\/08\/2024-08-29-00-26-56-13-1-929x1024.jpg 929w, https:\/\/rizeyediiklim.com.tr\/wp-content\/uploads\/2024\/08\/2024-08-29-00-26-56-13-1-272x300.jpg 272w, https:\/\/rizeyediiklim.com.tr\/wp-content\/uploads\/2024\/08\/2024-08-29-00-26-56-13-1-768x847.jpg 768w, https:\/\/rizeyediiklim.com.tr\/wp-content\/uploads\/2024\/08\/2024-08-29-00-26-56-13-1-1393x1536.jpg 1393w, https:\/\/rizeyediiklim.com.tr\/wp-content\/uploads\/2024\/08\/2024-08-29-00-26-56-13-1.jpg 1451w\" sizes=\"auto, (max-width: 900px) 100vw, 900px\" \/>\t\t\t\t\t\t\t\t\t\t\t\t\t\t\t<\/div>\n\t\t\t\t<\/div>\n\t\t\t\t<div class=\"elementor-element elementor-element-2f38bc0 elementor-widget elementor-widget-image\" data-id=\"2f38bc0\" data-element_type=\"widget\" data-widget_type=\"image.default\">\n\t\t\t\t<div class=\"elementor-widget-container\">\n\t\t\t\t\t\t\t\t\t\t\t\t\t\t\t<img loading=\"lazy\" decoding=\"async\" width=\"577\" height=\"1024\" src=\"https:\/\/rizeyediiklim.com.tr\/wp-content\/uploads\/2024\/08\/2024-08-29-00-26-55-26-1-577x1024.jpg\" class=\"attachment-large size-large wp-image-1761\" alt=\"\" srcset=\"https:\/\/rizeyediiklim.com.tr\/wp-content\/uploads\/2024\/08\/2024-08-29-00-26-55-26-1-577x1024.jpg 577w, https:\/\/rizeyediiklim.com.tr\/wp-content\/uploads\/2024\/08\/2024-08-29-00-26-55-26-1-169x300.jpg 169w, https:\/\/rizeyediiklim.com.tr\/wp-content\/uploads\/2024\/08\/2024-08-29-00-26-55-26-1-768x1363.jpg 768w, https:\/\/rizeyediiklim.com.tr\/wp-content\/uploads\/2024\/08\/2024-08-29-00-26-55-26-1-865x1536.jpg 865w, https:\/\/rizeyediiklim.com.tr\/wp-content\/uploads\/2024\/08\/2024-08-29-00-26-55-26-1.jpg 939w\" sizes=\"auto, (max-width: 577px) 100vw, 577px\" \/>\t\t\t\t\t\t\t\t\t\t\t\t\t\t\t<\/div>\n\t\t\t\t<\/div>\n\t\t\t\t<div class=\"elementor-element elementor-element-5571ff1 elementor-widget elementor-widget-image\" data-id=\"5571ff1\" data-element_type=\"widget\" data-widget_type=\"image.default\">\n\t\t\t\t<div class=\"elementor-widget-container\">\n\t\t\t\t\t\t\t\t\t\t\t\t\t\t\t<img loading=\"lazy\" decoding=\"async\" width=\"900\" height=\"900\" src=\"https:\/\/rizeyediiklim.com.tr\/wp-content\/uploads\/2024\/08\/2024-08-29-00-26-55-32-1-1024x1024.jpg\" class=\"attachment-large size-large wp-image-1743\" alt=\"\" srcset=\"https:\/\/rizeyediiklim.com.tr\/wp-content\/uploads\/2024\/08\/2024-08-29-00-26-55-32-1-1024x1024.jpg 1024w, https:\/\/rizeyediiklim.com.tr\/wp-content\/uploads\/2024\/08\/2024-08-29-00-26-55-32-1-300x300.jpg 300w, https:\/\/rizeyediiklim.com.tr\/wp-content\/uploads\/2024\/08\/2024-08-29-00-26-55-32-1-150x150.jpg 150w, https:\/\/rizeyediiklim.com.tr\/wp-content\/uploads\/2024\/08\/2024-08-29-00-26-55-32-1-768x768.jpg 768w, https:\/\/rizeyediiklim.com.tr\/wp-content\/uploads\/2024\/08\/2024-08-29-00-26-55-32-1.jpg 1080w\" sizes=\"auto, (max-width: 900px) 100vw, 900px\" \/>\t\t\t\t\t\t\t\t\t\t\t\t\t\t\t<\/div>\n\t\t\t\t<\/div>\n\t\t\t\t\t<\/div>\n\t\t<\/div>\n\t\t\t\t\t\t\t<\/div>\n\t\t<\/section>\n\t\t\t\t<section class=\"elementor-section elementor-top-section elementor-element elementor-element-b366eea elementor-section-boxed elementor-section-height-default elementor-section-height-default\" data-id=\"b366eea\" data-element_type=\"section\">\n\t\t\t\t\t\t<div class=\"elementor-container elementor-column-gap-default\">\n\t\t\t\t\t<div class=\"elementor-column elementor-col-33 elementor-top-column elementor-element elementor-element-4a09d1a\" data-id=\"4a09d1a\" data-element_type=\"column\">\n\t\t\t<div class=\"elementor-widget-wrap elementor-element-populated\">\n\t\t\t\t\t\t\t\t<div class=\"elementor-element elementor-element-9304e8e elementor-widget elementor-widget-image\" data-id=\"9304e8e\" data-element_type=\"widget\" data-widget_type=\"image.default\">\n\t\t\t\t<div class=\"elementor-widget-container\">\n\t\t\t\t\t\t\t\t\t\t\t\t\t\t\t<img loading=\"lazy\" decoding=\"async\" width=\"900\" height=\"911\" src=\"https:\/\/rizeyediiklim.com.tr\/wp-content\/uploads\/2024\/08\/2024-08-29-00-26-56-19-1-1012x1024.jpg\" class=\"attachment-large size-large wp-image-1734\" alt=\"\" srcset=\"https:\/\/rizeyediiklim.com.tr\/wp-content\/uploads\/2024\/08\/2024-08-29-00-26-56-19-1-1012x1024.jpg 1012w, https:\/\/rizeyediiklim.com.tr\/wp-content\/uploads\/2024\/08\/2024-08-29-00-26-56-19-1-296x300.jpg 296w, https:\/\/rizeyediiklim.com.tr\/wp-content\/uploads\/2024\/08\/2024-08-29-00-26-56-19-1-768x777.jpg 768w, https:\/\/rizeyediiklim.com.tr\/wp-content\/uploads\/2024\/08\/2024-08-29-00-26-56-19-1-1517x1536.jpg 1517w, https:\/\/rizeyediiklim.com.tr\/wp-content\/uploads\/2024\/08\/2024-08-29-00-26-56-19-1.jpg 2023w\" sizes=\"auto, (max-width: 900px) 100vw, 900px\" \/>\t\t\t\t\t\t\t\t\t\t\t\t\t\t\t<\/div>\n\t\t\t\t<\/div>\n\t\t\t\t\t<\/div>\n\t\t<\/div>\n\t\t\t\t<div class=\"elementor-column elementor-col-33 elementor-top-column elementor-element elementor-element-b282da9\" data-id=\"b282da9\" data-element_type=\"column\">\n\t\t\t<div class=\"elementor-widget-wrap elementor-element-populated\">\n\t\t\t\t\t\t\t\t<div class=\"elementor-element elementor-element-707db35 elementor-widget elementor-widget-image\" data-id=\"707db35\" data-element_type=\"widget\" data-widget_type=\"image.default\">\n\t\t\t\t<div class=\"elementor-widget-container\">\n\t\t\t\t\t\t\t\t\t\t\t\t\t\t\t<img loading=\"lazy\" decoding=\"async\" width=\"900\" height=\"900\" src=\"https:\/\/rizeyediiklim.com.tr\/wp-content\/uploads\/2024\/08\/2024-08-29-00-26-56-36-1-1024x1024.jpg\" class=\"attachment-large size-large wp-image-1762\" alt=\"\" srcset=\"https:\/\/rizeyediiklim.com.tr\/wp-content\/uploads\/2024\/08\/2024-08-29-00-26-56-36-1-1024x1024.jpg 1024w, https:\/\/rizeyediiklim.com.tr\/wp-content\/uploads\/2024\/08\/2024-08-29-00-26-56-36-1-300x300.jpg 300w, https:\/\/rizeyediiklim.com.tr\/wp-content\/uploads\/2024\/08\/2024-08-29-00-26-56-36-1-150x150.jpg 150w, https:\/\/rizeyediiklim.com.tr\/wp-content\/uploads\/2024\/08\/2024-08-29-00-26-56-36-1-768x768.jpg 768w, https:\/\/rizeyediiklim.com.tr\/wp-content\/uploads\/2024\/08\/2024-08-29-00-26-56-36-1-1536x1536.jpg 1536w, https:\/\/rizeyediiklim.com.tr\/wp-content\/uploads\/2024\/08\/2024-08-29-00-26-56-36-1.jpg 1600w\" sizes=\"auto, (max-width: 900px) 100vw, 900px\" \/>\t\t\t\t\t\t\t\t\t\t\t\t\t\t\t<\/div>\n\t\t\t\t<\/div>\n\t\t\t\t\t<\/div>\n\t\t<\/div>\n\t\t\t\t<div class=\"elementor-column elementor-col-33 elementor-top-column elementor-element elementor-element-ec45e28\" data-id=\"ec45e28\" data-element_type=\"column\">\n\t\t\t<div class=\"elementor-widget-wrap elementor-element-populated\">\n\t\t\t\t\t\t\t\t<div class=\"elementor-element elementor-element-82e7186 elementor-widget elementor-widget-image\" data-id=\"82e7186\" data-element_type=\"widget\" data-widget_type=\"image.default\">\n\t\t\t\t<div class=\"elementor-widget-container\">\n\t\t\t\t\t\t\t\t\t\t\t\t\t\t\t<img loading=\"lazy\" decoding=\"async\" width=\"900\" height=\"898\" src=\"https:\/\/rizeyediiklim.com.tr\/wp-content\/uploads\/2024\/08\/2024-08-29-00-26-56-37-1-1024x1022.jpg\" class=\"attachment-large size-large wp-image-1763\" alt=\"\" srcset=\"https:\/\/rizeyediiklim.com.tr\/wp-content\/uploads\/2024\/08\/2024-08-29-00-26-56-37-1-1024x1022.jpg 1024w, https:\/\/rizeyediiklim.com.tr\/wp-content\/uploads\/2024\/08\/2024-08-29-00-26-56-37-1-300x300.jpg 300w, https:\/\/rizeyediiklim.com.tr\/wp-content\/uploads\/2024\/08\/2024-08-29-00-26-56-37-1-150x150.jpg 150w, https:\/\/rizeyediiklim.com.tr\/wp-content\/uploads\/2024\/08\/2024-08-29-00-26-56-37-1-768x767.jpg 768w, https:\/\/rizeyediiklim.com.tr\/wp-content\/uploads\/2024\/08\/2024-08-29-00-26-56-37-1-1536x1533.jpg 1536w, https:\/\/rizeyediiklim.com.tr\/wp-content\/uploads\/2024\/08\/2024-08-29-00-26-56-37-1.jpg 1600w\" sizes=\"auto, (max-width: 900px) 100vw, 900px\" \/>\t\t\t\t\t\t\t\t\t\t\t\t\t\t\t<\/div>\n\t\t\t\t<\/div>\n\t\t\t\t\t<\/div>\n\t\t<\/div>\n\t\t\t\t\t\t\t<\/div>\n\t\t<\/section>\n\t\t\t\t\t\t\t<\/div>\n\t\t","protected":false},"excerpt":{"rendered":"<p>Neler Sunuyoruz? YDS&#8217;de Ba\u015far\u0131ya Giden Yol: Rize Yediiklim Ki\u015fisel Geli\u015fim Kursu Y\u00fcksek lisans e\u011fitimi almak, uluslararas\u0131 platformlarda \u00e7al\u0131\u015fmak veya yurt d\u0131\u015f\u0131na e\u011fitim almak isteyenler i\u00e7in YDS (Yabanc\u0131 Dil Bilgisi Seviye Tespit S\u0131nav\u0131), \u00f6nemli bir kap\u0131. Rize Yediiklim Ki\u015fisel Geli\u015fim Kursu olarak, sizleri YDS s\u0131nav\u0131na haz\u0131rlamak i\u00e7in uzman kadrosu ve etkili e\u011fitim program\u0131m\u0131zla yan\u0131n\u0131zday\u0131z! Rize Yediiklim [&hellip;]<\/p>\n","protected":false},"author":1,"featured_media":0,"parent":0,"menu_order":0,"comment_status":"closed","ping_status":"closed","template":"","meta":{"_acf_changed":false,"inline_featured_image":false,"footnotes":""},"class_list":["post-1632","page","type-page","status-publish","hentry"],"acf":[],"aioseo_notices":[],"_links":{"self":[{"href":"https:\/\/rizeyediiklim.com.tr\/index.php?rest_route=\/wp\/v2\/pages\/1632","targetHints":{"allow":["GET"]}}],"collection":[{"href":"https:\/\/rizeyediiklim.com.tr\/index.php?rest_route=\/wp\/v2\/pages"}],"about":[{"href":"https:\/\/rizeyediiklim.com.tr\/index.php?rest_route=\/wp\/v2\/types\/page"}],"author":[{"embeddable":true,"href":"https:\/\/rizeyediiklim.com.tr\/index.php?rest_route=\/wp\/v2\/users\/1"}],"replies":[{"embeddable":true,"href":"https:\/\/rizeyediiklim.com.tr\/index.php?rest_route=%2Fwp%2Fv2%2Fcomments&post=1632"}],"version-history":[{"count":0,"href":"https:\/\/rizeyediiklim.com.tr\/index.php?rest_route=\/wp\/v2\/pages\/1632\/revisions"}],"wp:attachment":[{"href":"https:\/\/rizeyediiklim.com.tr\/index.php?rest_route=%2Fwp%2Fv2%2Fmedia&parent=1632"}],"curies":[{"name":"wp","href":"https:\/\/api.w.org\/{rel}","templated":true}]}}